{"id":3880,"date":"2016-11-21T12:14:07","date_gmt":"2016-11-21T11:14:07","guid":{"rendered":"https:\/\/zamekczocha.com\/strona-glowna\/"},"modified":"2025-12-09T12:51:54","modified_gmt":"2025-12-09T11:51:54","slug":"strona-glowna","status":"publish","type":"page","link":"https:\/\/zamekczocha.com\/cs\/","title":{"rendered":"HLAVN\u00cd STR\u00c1NKA"},"content":{"rendered":"<p>[et_pb_section fb_built=&#8220;1&#8243; module_class=&#8220;home_banner&#8220; _builder_version=&#8220;4.16&#8243; background_image=&#8220;https:\/\/zamekczocha.com\/wp-content\/uploads\/Zamek-Czocha-wiosna.jpg&#8220; custom_padding=&#8220;40px||40px||false|false&#8220; global_colors_info=&#8220;{}&#8220;][et_pb_row _builder_version=&#8220;4.16&#8243; global_colors_info=&#8220;{}&#8220;][et_pb_column type=&#8220;4_4&#8243; _builder_version=&#8220;4.16&#8243; custom_padding=&#8220;|||&#8220; global_colors_info=&#8220;{}&#8220; custom_padding__hover=&#8220;|||&#8220;][et_pb_code _builder_version=&#8220;4.16&#8243; global_colors_info=&#8220;{}&#8220;]    <script src=\"\/\/wis.upperbooking.com\/zamekczocha\/booking?locale=cs\" async><\/script>\n  [\/et_pb_code][\/et_pb_column][\/et_pb_row][et_pb_row _builder_version=&#8220;4.16&#8243; global_colors_info=&#8220;{}&#8220;][et_pb_column type=&#8220;4_4&#8243; _builder_version=&#8220;4.16&#8243; custom_padding=&#8220;|||&#8220; global_colors_info=&#8220;{}&#8220; custom_padding__hover=&#8220;|||&#8220;][et_pb_text _builder_version=&#8220;4.16&#8243; text_font=&#8220;||||||||&#8220; background_color=&#8220;rgba(100,100,100,0.5)&#8220; custom_padding=&#8220;15px|15px|1px|15px&#8220; text_text_shadow_style=&#8220;preset1&#8243; text_text_shadow_color=&#8220;#000000&#8243; global_colors_info=&#8220;{}&#8220;]<\/p>\n<h2><span style=\"font-size: 36px;\">Jedno z m\u00e1la m\u00edst v Polsku, kde se minulost spojuje s budoucnost\u00ed.<\/span><\/h2>\n<p>\u00a0Srde\u010dn\u011b zveme v\u0161echny milovn\u00edky historie a aktivn\u00edho tr\u00e1ven\u00ed voln\u00e9ho \u010dasu.<\/p>\n<p>[\/et_pb_text][et_pb_button button_url=&#8220;https:\/\/zamekczocha.com\/cs\/prohlidky\/&#8220; button_text=&#8220;Dozv\u011bd\u011bt se v\u00edce&#8220; module_class=&#8220;btn_white&#8220; _builder_version=&#8220;4.27.4&#8243; hover_enabled=&#8220;0&#8243; global_colors_info=&#8220;{}&#8220; sticky_enabled=&#8220;0&#8243;]<br \/>\n[\/et_pb_button][\/et_pb_column][\/et_pb_row][\/et_pb_section][et_pb_section fb_built=&#8220;1&#8243; module_class=&#8220;home__header__reservation&#8220; _builder_version=&#8220;4.27.4&#8243; global_colors_info=&#8220;{}&#8220;][\/et_pb_section][et_pb_section fb_built=&#8220;1&#8243; module_class=&#8220;home__first_section&#8220; _builder_version=&#8220;4.16&#8243; global_colors_info=&#8220;{}&#8220;][et_pb_row _builder_version=&#8220;4.16&#8243; global_colors_info=&#8220;{}&#8220;][et_pb_column type=&#8220;4_4&#8243; _builder_version=&#8220;4.16&#8243; custom_padding=&#8220;|||&#8220; global_colors_info=&#8220;{}&#8220; custom_padding__hover=&#8220;|||&#8220;][et_pb_code module_class=&#8220;distinguishing__line&#8220; _builder_version=&#8220;4.16&#8243; global_colors_info=&#8220;{}&#8220;][\/et_pb_code][\/et_pb_column][\/et_pb_row][et_pb_row column_structure=&#8220;1_5,3_5,1_5&#8243; _builder_version=&#8220;4.16&#8243; global_colors_info=&#8220;{}&#8220;][et_pb_column type=&#8220;1_5&#8243; _builder_version=&#8220;4.16&#8243; custom_padding=&#8220;|||&#8220; global_colors_info=&#8220;{}&#8220; custom_padding__hover=&#8220;|||&#8220;][\/et_pb_column][et_pb_column type=&#8220;3_5&#8243; _builder_version=&#8220;4.16&#8243; custom_padding=&#8220;|||&#8220; global_colors_info=&#8220;{}&#8220; custom_padding__hover=&#8220;|||&#8220;][et_pb_text _builder_version=&#8220;4.16&#8243; custom_padding=&#8220;32px|||14px||&#8220; global_colors_info=&#8220;{}&#8220;][\/et_pb_text][\/et_pb_column][et_pb_column type=&#8220;1_5&#8243; _builder_version=&#8220;4.16&#8243; custom_padding=&#8220;|||&#8220; global_colors_info=&#8220;{}&#8220; custom_padding__hover=&#8220;|||&#8220;][\/et_pb_column][\/et_pb_row][et_pb_row _builder_version=&#8220;4.16&#8243; global_colors_info=&#8220;{}&#8220;][et_pb_column type=&#8220;4_4&#8243; _builder_version=&#8220;4.16&#8243; custom_padding=&#8220;|||&#8220; global_colors_info=&#8220;{}&#8220; custom_padding__hover=&#8220;|||&#8220;][et_pb_code module_class=&#8220;distinguishing__line&#8220; _builder_version=&#8220;4.16&#8243; global_colors_info=&#8220;{}&#8220;][\/et_pb_code][\/et_pb_column][\/et_pb_row][\/et_pb_section][et_pb_section fb_built=&#8220;1&#8243; module_class=&#8220;home__second_section&#8220; _builder_version=&#8220;4.16&#8243; global_colors_info=&#8220;{}&#8220;][\/et_pb_section][et_pb_section fb_built=&#8220;1&#8243; _builder_version=&#8220;4.21.0&#8243; custom_padding=&#8220;18px||18px||false|false&#8220; global_colors_info=&#8220;{}&#8220;][et_pb_row column_structure=&#8220;2_3,1_3&#8243; make_equal=&#8220;on&#8220; _builder_version=&#8220;4.16&#8243; global_colors_info=&#8220;{}&#8220;][et_pb_column type=&#8220;2_3&#8243; _builder_version=&#8220;4.16&#8243; custom_padding=&#8220;|||&#8220; global_colors_info=&#8220;{}&#8220; custom_padding__hover=&#8220;|||&#8220;][et_pb_image src=&#8220;https:\/\/zamekczocha.com\/wp-content\/uploads\/017-scaled.jpg&#8220; title_text=&#8220;017&#8243; align_tablet=&#8220;center&#8220; align_phone=&#8220;&#8220; align_last_edited=&#8220;on|desktop&#8220; _builder_version=&#8220;4.23&#8243; global_colors_info=&#8220;{}&#8220;][\/et_pb_image][\/et_pb_column][et_pb_column type=&#8220;1_3&#8243; _builder_version=&#8220;4.16&#8243; background_color=&#8220;#f6f6f6&#8243; custom_padding=&#8220;30px|30px|30px|30px&#8220; global_colors_info=&#8220;{}&#8220; custom_padding__hover=&#8220;|||&#8220;][et_pb_text _builder_version=&#8220;4.16&#8243; header_font=&#8220;EB Garamond|700|||||||&#8220; header_text_color=&#8220;#787b80&#8243; header_font_size=&#8220;50px&#8220; header_2_font=&#8220;Cormorant Garamond|600|||||||&#8220; header_2_text_color=&#8220;#787b80&#8243; header_2_font_size=&#8220;36px&#8220; global_colors_info=&#8220;{}&#8220;]<\/p>\n<h2>Prohl\u00eddky hradu Czocha<\/h2>\n<p>[\/et_pb_text][et_pb_text _builder_version=&#8220;4.16&#8243; background_color=&#8220;#f6f6f6&#8243; global_colors_info=&#8220;{}&#8220;]<\/p>\n<p style=\"text-align: justify;\">V\u0161echny milovn\u00edky historie, tajemstv\u00ed a legend zveme na prohl\u00eddku hradu s pr\u016fvodcem.<\/p>\n<p style=\"text-align: justify;\">Tajemn\u00e1 atmosf\u00e9ra m\u00edsta zajist\u00ed, \u017ee se v\u00fdlet stane nezapomenuteln\u00fdm dobrodru\u017estv\u00edm. Tajn\u00e9 chodby, stylov\u00e9 komnaty, neoby\u010dejn\u00e9 expozice\u2026<\/p>\n<p style=\"text-align: justify;\">\n<p style=\"text-align: justify;\">\n<p>[\/et_pb_text][et_pb_button button_url=&#8220;\/zwiedzanie&#8220; button_text=&#8220;Dozv\u011bd\u011bt se v\u00edce&#8220; module_class=&#8220;btn_blue&#8220; _builder_version=&#8220;4.27.4&#8243; global_colors_info=&#8220;{}&#8220;]<br \/>\n[\/et_pb_button][\/et_pb_column][\/et_pb_row][\/et_pb_section][et_pb_section fb_built=&#8220;1&#8243; module_class=&#8220;home_promotion_slider&#8220; _builder_version=&#8220;4.21.0&#8243; custom_padding=&#8220;18px||18px||false|false&#8220; hover_transition_delay=&#8220;50ms&#8220; global_colors_info=&#8220;{}&#8220;][et_pb_row _builder_version=&#8220;4.16&#8243; background_size=&#8220;initial&#8220; background_position=&#8220;top_left&#8220; background_repeat=&#8220;repeat&#8220; global_colors_info=&#8220;{}&#8220;][et_pb_column type=&#8220;4_4&#8243; _builder_version=&#8220;4.16&#8243; custom_padding=&#8220;|||&#8220; global_colors_info=&#8220;{}&#8220; custom_padding__hover=&#8220;|||&#8220;][et_pb_text _builder_version=&#8220;4.16&#8243; global_colors_info=&#8220;{}&#8220;]<div class=\"promotion_nav_container\"><h2 class=\"promotion_nav_headline\">Na\u0161e speci\u00e1ln\u00ed nab\u00eddky<\/h2><ul class=\"promotion_nav\"><li class=\"promotion_nav\" ><a href=\"#0\" class=\"active\">Voucher podarunkowy Zamek Czocha<\/a><\/li><li class=\"promotion_nav\" ><a href=\"#1\" class=\"\">Oferta dla Szk\u00f3\u0142<\/a><\/li><li class=\"promotion_nav\" ><a href=\"#2\" class=\"\">Romantyczny pobyt<\/a><\/li><\/ul><\/div><div class=\"promotion_content_container owl-carousel owl-theme\"><div class=\"promotion_content_item\" data-hash=\"0\" style=\"background:url(https:\/\/zamekczocha.com\/wp-content\/uploads\/Wielki.png); background-repeat: no-repeat; background-size: cover; background-position: center;\"><a href=\"https:\/\/zamekczocha.com\/cs\/promocja\/podarunkowy\/\"><h3 class=\"promotion_content_item_headline\"><\/h3><div class=\"et_pb_button_module_wrapper et_pb_button_0_wrapper et_pb_button_alignment_ et_pb_module \"><span class=\"promotion_content_item_btn et_pb_button et_pb_button_0 btn_white et_pb_bg_layout_light\">Zjist\u011bte v\u00edce<\/span><\/div><\/a><\/div><div class=\"promotion_content_item\" data-hash=\"1\" style=\"background:url(https:\/\/zamekczocha.com\/wp-content\/uploads\/325553137_2985781861727718_7119939808848335406_n.jpg); background-repeat: no-repeat; background-size: cover; background-position: center;\"><a href=\"https:\/\/zamekczocha.com\/cs\/promocja\/oferta-dla-szkol\/\"><h3 class=\"promotion_content_item_headline\"><\/h3><div class=\"et_pb_button_module_wrapper et_pb_button_0_wrapper et_pb_button_alignment_ et_pb_module \"><span class=\"promotion_content_item_btn et_pb_button et_pb_button_0 btn_white et_pb_bg_layout_light\">Zjist\u011bte v\u00edce<\/span><\/div><\/a><\/div><div class=\"promotion_content_item\" data-hash=\"2\" style=\"background:url(https:\/\/zamekczocha.com\/wp-content\/uploads\/romantyczny-pobyt.jpg); background-repeat: no-repeat; background-size: cover; background-position: center;\"><a href=\"https:\/\/zamekczocha.com\/cs\/promocja\/romantyczny-pobyt\/\"><h3 class=\"promotion_content_item_headline\">Romantyczny pobyt<\/h3><div class=\"et_pb_button_module_wrapper et_pb_button_0_wrapper et_pb_button_alignment_ et_pb_module \"><span class=\"promotion_content_item_btn et_pb_button et_pb_button_0 btn_white et_pb_bg_layout_light\">Zjist\u011bte v\u00edce<\/span><\/div><\/a><\/div><\/div><br \/>\n[\/et_pb_text][\/et_pb_column][\/et_pb_row][\/et_pb_section][et_pb_section fb_built=&#8220;1&#8243; _builder_version=&#8220;4.21.0&#8243; custom_padding=&#8220;18px||18px||false|false&#8220; global_colors_info=&#8220;{}&#8220;][et_pb_row column_structure=&#8220;2_3,1_3&#8243; make_equal=&#8220;on&#8220; _builder_version=&#8220;4.16&#8243; global_colors_info=&#8220;{}&#8220;][et_pb_column type=&#8220;2_3&#8243; _builder_version=&#8220;4.16&#8243; custom_padding=&#8220;|||&#8220; global_colors_info=&#8220;{}&#8220; custom_padding__hover=&#8220;|||&#8220;][et_pb_image src=&#8220;https:\/\/zamekczocha.com\/wp-content\/uploads\/restauracja2-1.jpg&#8220; align_tablet=&#8220;center&#8220; align_phone=&#8220;&#8220; align_last_edited=&#8220;on|desktop&#8220; _builder_version=&#8220;4.16&#8243; global_colors_info=&#8220;{}&#8220;][\/et_pb_image][\/et_pb_column][et_pb_column type=&#8220;1_3&#8243; _builder_version=&#8220;4.16&#8243; background_color=&#8220;#f6f6f6&#8243; custom_padding=&#8220;30px|30px|30px|30px&#8220; global_colors_info=&#8220;{}&#8220; custom_padding__hover=&#8220;|||&#8220;][et_pb_text _builder_version=&#8220;4.16&#8243; header_font=&#8220;EB Garamond|700|||||||&#8220; header_text_color=&#8220;#787b80&#8243; header_font_size=&#8220;50px&#8220; header_2_font=&#8220;Cormorant Garamond|600|||||||&#8220; header_2_text_color=&#8220;#787b80&#8243; header_2_font_size=&#8220;36px&#8220; global_colors_info=&#8220;{}&#8220;]<\/p>\n<h2>Z\u00e1meck\u00e1 restaurace<\/h2>\n<p>[\/et_pb_text][et_pb_text _builder_version=&#8220;4.23&#8243; background_color=&#8220;#f6f6f6&#8243; global_colors_info=&#8220;{}&#8220;]<\/p>\n<p class=\"western\"><span style=\"font-family: Arial, serif;\"><span style=\"font-size: medium;\">Restaurace pod\u00e1v\u00e1 sn\u00eddan\u011b (\u0161v\u00e9dsk\u00e9 stoly) a dal\u0161\u00ed v\u00fdborn\u00e1 j\u00eddla \u00e0 la carte. Kucha\u0159i se specializuj\u00ed na polskou kuchyni a uspokoj\u00ed i ty nejn\u00e1ro\u010dn\u011bj\u0161\u00ed hosty.<\/span><\/span><\/p>\n<p style=\"text-align: justify;\"><a href=\"https:\/\/zamekczocha.com\/wp-content\/uploads\/Restauracja_Uczta_menu_28.04.2025-1.pdf\" rel=\"attachment wp-att-3102\">J\u00cdDELN\u00cd L\u00cdSTEK RESTAURACE UCZTA<\/a><\/p>\n<p style=\"text-align: justify;\">\n<p>[\/et_pb_text][\/et_pb_column][\/et_pb_row][\/et_pb_section][et_pb_section fb_built=&#8220;1&#8243; module_class=&#8220;home_attraction&#8220; _builder_version=&#8220;4.16&#8243; global_colors_info=&#8220;{}&#8220;][et_pb_row _builder_version=&#8220;4.16&#8243; background_size=&#8220;initial&#8220; background_position=&#8220;top_left&#8220; background_repeat=&#8220;repeat&#8220; global_colors_info=&#8220;{}&#8220;][et_pb_column type=&#8220;4_4&#8243; _builder_version=&#8220;4.16&#8243; custom_padding=&#8220;|||&#8220; global_colors_info=&#8220;{}&#8220; custom_padding__hover=&#8220;|||&#8220;][et_pb_text _builder_version=&#8220;4.27.4&#8243; global_colors_info=&#8220;{}&#8220;]<\/p>\n<h2>Atrakce hradu<\/h2>\n<p>&nbsp;<\/p>\n<div class=\"attraction_container\">\n<div>\n<a href=\" https:\/\/zamekczocha.com\/cs\/atrakcje\/denni-prohlidka-hradu-czocha\/\"><br \/>\n<img decoding=\"async\" src=\"https:\/\/zamekczocha.com\/wp-content\/uploads\/maciejchyra_com-IMG_2764-2.jpg\" alt=\"Dzienne zwiedzanie Zamku Czocha\" class=\"attraction_single_images\" \/><\/p>\n<p class=\"attraction_single_date\">Codziennie<\/p>\n<p class=\"attraction_single_title\">Denn\u00ed prohl\u00eddka hradu Czocha<\/p>\n<p><\/a><\/p>\n<\/div>\n<\/div>\n<p>&nbsp;[\/et_pb_text][\/et_pb_column][\/et_pb_row][\/et_pb_section][et_pb_section fb_built=&#8220;1&#8243; module_class=&#8220;home_banner home_banner_footer&#8220; _builder_version=&#8220;4.16&#8243; background_image=&#8220;https:\/\/zamekczocha.com\/wp-content\/uploads\/zamek_czocha_com.jpg&#8220; custom_margin=&#8220;||276px|||&#8220; global_colors_info=&#8220;{}&#8220;][et_pb_row _builder_version=&#8220;4.16&#8243; global_colors_info=&#8220;{}&#8220;][et_pb_column type=&#8220;4_4&#8243; _builder_version=&#8220;4.16&#8243; custom_padding=&#8220;|||&#8220; global_colors_info=&#8220;{}&#8220; custom_padding__hover=&#8220;|||&#8220;][et_pb_text _builder_version=&#8220;4.16&#8243; global_colors_info=&#8220;{}&#8220;]<\/p>\n<h2><span style=\"font-size: 36px;\">Jedno z m\u00e1la m\u00edst v Polsku, kde se minulost spojuje s budoucnost\u00ed.<\/span><\/h2>\n<p>\u00a0Srde\u010dn\u011b zveme v\u0161echny milovn\u00edky historie a aktivn\u00edho tr\u00e1ven\u00ed voln\u00e9ho \u010dasu.<\/p>\n<p>[\/et_pb_text][et_pb_button button_url=&#8220;https:\/\/zamekczocha.com\/zwiedzanie\/&#8220; button_text=&#8220;Dozv\u011bd\u011bt se v\u00edce&#8220; module_class=&#8220;btn_white&#8220; _builder_version=&#8220;4.27.4&#8243; global_colors_info=&#8220;{}&#8220;]<br \/>\n[\/et_pb_button][\/et_pb_column][\/et_pb_row][\/et_pb_section]<\/p>\n","protected":false},"excerpt":{"rendered":"<p>[et_pb_section fb_built=&#8220;1&#8243; module_class=&#8220;home_banner&#8220; _builder_version=&#8220;4.16&#8243; background_image=&#8220;https:\/\/zamekczocha.com\/wp-content\/uploads\/Zamek-Czocha-wiosna.jpg&#8220; custom_padding=&#8220;40px||40px||false|false&#8220; global_colors_info=&#8220;{}&#8220;][et_pb_row _builder_version=&#8220;4.16&#8243; global_colors_info=&#8220;{}&#8220;][et_pb_column type=&#8220;4_4&#8243; _builder_version=&#8220;4.16&#8243; custom_padding=&#8220;|||&#8220; global_colors_info=&#8220;{}&#8220; custom_padding__hover=&#8220;|||&#8220;][et_pb_code _builder_version=&#8220;4.16&#8243; global_colors_info=&#8220;{}&#8220;][\/et_pb_code][\/et_pb_column][\/et_pb_row][et_pb_row _builder_version=&#8220;4.16&#8243; global_colors_info=&#8220;{}&#8220;][et_pb_column type=&#8220;4_4&#8243; _builder_version=&#8220;4.16&#8243; custom_padding=&#8220;|||&#8220; global_colors_info=&#8220;{}&#8220; custom_padding__hover=&#8220;|||&#8220;][et_pb_text _builder_version=&#8220;4.16&#8243; text_font=&#8220;||||||||&#8220; background_color=&#8220;rgba(100,100,100,0.5)&#8220; custom_padding=&#8220;15px|15px|1px|15px&#8220; text_text_shadow_style=&#8220;preset1&#8243; text_text_shadow_color=&#8220;#000000&#8243; global_colors_info=&#8220;{}&#8220;] Jedno z m\u00e1la m\u00edst v Polsku, kde se minulost spojuje s budoucnost\u00ed. \u00a0Srde\u010dn\u011b zveme v\u0161echny milovn\u00edky historie a aktivn\u00edho tr\u00e1ven\u00ed voln\u00e9ho \u010dasu. [\/et_pb_text][et_pb_button button_url=&#8220;https:\/\/zamekczocha.com\/cs\/prohlidky\/&#8220; button_text=&#8220;Dozv\u011bd\u011bt [&hellip;]<\/p>\n","protected":false},"author":1,"featured_media":0,"parent":0,"menu_order":0,"comment_status":"closed","ping_status":"closed","template":"","meta":{"_acf_changed":false,"_et_pb_use_builder":"on","_et_pb_old_content":"","_et_gb_content_width":"","footnotes":""},"yst_prominent_words":[],"class_list":["post-3880","page","type-page","status-publish","hentry"],"acf":[],"_links":{"self":[{"href":"https:\/\/zamekczocha.com\/cs\/wp-json\/wp\/v2\/pages\/3880","targetHints":{"allow":["GET"]}}],"collection":[{"href":"https:\/\/zamekczocha.com\/cs\/wp-json\/wp\/v2\/pages"}],"about":[{"href":"https:\/\/zamekczocha.com\/cs\/wp-json\/wp\/v2\/types\/page"}],"author":[{"embeddable":true,"href":"https:\/\/zamekczocha.com\/cs\/wp-json\/wp\/v2\/users\/1"}],"replies":[{"embeddable":true,"href":"https:\/\/zamekczocha.com\/cs\/wp-json\/wp\/v2\/comments?post=3880"}],"version-history":[{"count":13,"href":"https:\/\/zamekczocha.com\/cs\/wp-json\/wp\/v2\/pages\/3880\/revisions"}],"predecessor-version":[{"id":4040,"href":"https:\/\/zamekczocha.com\/cs\/wp-json\/wp\/v2\/pages\/3880\/revisions\/4040"}],"wp:attachment":[{"href":"https:\/\/zamekczocha.com\/cs\/wp-json\/wp\/v2\/media?parent=3880"}],"wp:term":[{"taxonomy":"yst_prominent_words","embeddable":true,"href":"https:\/\/zamekczocha.com\/cs\/wp-json\/wp\/v2\/yst_prominent_words?post=3880"}],"curies":[{"name":"wp","href":"https:\/\/api.w.org\/{rel}","templated":true}]}}