{"id":3896,"date":"2018-12-19T23:46:19","date_gmt":"2018-12-19T22:46:19","guid":{"rendered":"https:\/\/zamekczocha.com\/zwiedzanie\/"},"modified":"2025-11-18T09:30:51","modified_gmt":"2025-11-18T08:30:51","slug":"prohlidky","status":"publish","type":"page","link":"https:\/\/zamekczocha.com\/cs\/prohlidky\/","title":{"rendered":"Prohl\u00eddky"},"content":{"rendered":"<p>[et_pb_section fb_built=&#8220;1&#8243; _builder_version=&#8220;4.16&#8243; background_color=&#8220;#f6f6f6&#8243; global_colors_info=&#8220;{}&#8220;][et_pb_row _builder_version=&#8220;4.16&#8243; global_colors_info=&#8220;{}&#8220;][et_pb_column type=&#8220;4_4&#8243; _builder_version=&#8220;4.16&#8243; custom_padding=&#8220;|||&#8220; global_colors_info=&#8220;{}&#8220; custom_padding__hover=&#8220;|||&#8220;][et_pb_text _builder_version=&#8220;4.27.4&#8243; global_colors_info=&#8220;{}&#8220;]<\/p>\n<h1>Prohl\u00eddky hradu Czocha<\/h1>\n<p>[\/et_pb_text][\/et_pb_column][\/et_pb_row][et_pb_row column_structure=&#8220;1_2,1_2&#8243; _builder_version=&#8220;4.16&#8243; global_colors_info=&#8220;{}&#8220;][et_pb_column type=&#8220;1_2&#8243; _builder_version=&#8220;4.16&#8243; custom_padding=&#8220;|||&#8220; global_colors_info=&#8220;{}&#8220; custom_padding__hover=&#8220;|||&#8220;][et_pb_text _builder_version=&#8220;4.16&#8243; global_colors_info=&#8220;{}&#8220;]<\/p>\n<p style=\"text-align: justify; line-height: 150%; font-size: 26px;\">V\u0161echny milovn\u00edky historie, tajemstv\u00ed a legend zveme na prohl\u00eddku hradu s pr\u016fvodcem.<\/p>\n<p style=\"text-align: justify; line-height: 150%; font-size: 26px;\">Tajemn\u00e1 atmosf\u00e9ra m\u00edsta zajist\u00ed, \u017ee se v\u00fdlet stane nezapomenuteln\u00fdm dobrodru\u017estv\u00edm. Tajn\u00e9 chodby, stylov\u00e9 komnaty, neoby\u010dejn\u00e9 expozice\u2026<\/p>\n<p style=\"text-align: justify; line-height: 150%; font-size: 26px;\">\n<p>[\/et_pb_text][et_pb_button button_url=&#8220;https:\/\/zamekczocha.com\/cs\/atrakcje\/denni-prohlidka-hradu-czocha\/&#8220; button_text=&#8220;Zobrazit v\u00edce&#8220; _builder_version=&#8220;4.27.4&#8243; hover_enabled=&#8220;0&#8243; global_colors_info=&#8220;{}&#8220; sticky_enabled=&#8220;0&#8243;][\/et_pb_button][\/et_pb_column][et_pb_column type=&#8220;1_2&#8243; _builder_version=&#8220;4.16&#8243; custom_padding=&#8220;|||&#8220; global_colors_info=&#8220;{}&#8220; custom_padding__hover=&#8220;|||&#8220;][et_pb_image src=&#8220;https:\/\/zamekczocha.com\/wp-content\/uploads\/zamek-foto-1.jpg&#8220; show_in_lightbox=&#8220;on&#8220; align_tablet=&#8220;center&#8220; align_phone=&#8220;&#8220; align_last_edited=&#8220;on|desktop&#8220; _builder_version=&#8220;4.16&#8243; global_colors_info=&#8220;{}&#8220;][\/et_pb_image][\/et_pb_column][\/et_pb_row][\/et_pb_section][et_pb_section fb_built=&#8220;1&#8243; _builder_version=&#8220;4.16&#8243; global_colors_info=&#8220;{}&#8220;][et_pb_row _builder_version=&#8220;4.16&#8243; global_colors_info=&#8220;{}&#8220;][et_pb_column type=&#8220;4_4&#8243; _builder_version=&#8220;4.16&#8243; custom_padding=&#8220;|||&#8220; global_colors_info=&#8220;{}&#8220; custom_padding__hover=&#8220;|||&#8220;][et_pb_code _builder_version=&#8220;4.27.4&#8243; global_colors_info=&#8220;{}&#8220;]<\/p>\n<h2>Prohl\u00ed\u017eejte hrad Czocha v kteroukoliv dobu\u2026<\/h2>\n<p>[\/et_pb_code][\/et_pb_column][\/et_pb_row][et_pb_row column_structure=&#8220;1_2,1_2&#8243; module_class=&#8220;box-z-podtytulem&#8220; _builder_version=&#8220;4.27.2&#8243; global_colors_info=&#8220;{}&#8220;][et_pb_column type=&#8220;1_2&#8243; _builder_version=&#8220;4.27.2&#8243; background_color=&#8220;#f6f6f6&#8243; link_option_url=&#8220;https:\/\/zamekczocha.com\/atrakcje\/nocne-zwiedzanie-dla-dzieci\/&#8220; global_colors_info=&#8220;{}&#8220;][et_pb_image src=&#8220;https:\/\/zamekczocha.com\/wp-content\/uploads\/1.1.jpg&#8220; title_text=&#8220;1.1&#8243; url=&#8220;https:\/\/zamekczocha.com\/atrakcje\/nocne-zwiedzanie-dla-dzieci\/&#8220; align_tablet=&#8220;center&#8220; align_phone=&#8220;&#8220; align_last_edited=&#8220;on|desktop&#8220; _builder_version=&#8220;4.27.2&#8243; animation_style=&#8220;zoom&#8220; global_colors_info=&#8220;{}&#8220;][\/et_pb_image][et_pb_text _builder_version=&#8220;4.27.2&#8243; custom_padding=&#8220;5px|5px|5px|5px&#8220; link_option_url=&#8220;https:\/\/zamekczocha.com\/atrakcje\/nocne-zwiedzanie-dla-dzieci\/&#8220; global_colors_info=&#8220;{}&#8220;]<\/p>\n<h3>No\u010dn\u00ed prohl\u00eddky pro d\u011bti<\/h3>\n<p>[\/et_pb_text][\/et_pb_column][et_pb_column type=&#8220;1_2&#8243; _builder_version=&#8220;4.19.4&#8243; background_color=&#8220;#f6f6f6&#8243; global_colors_info=&#8220;{}&#8220;][et_pb_image src=&#8220;https:\/\/zamekczocha.com\/wp-content\/uploads\/warszaty-magii.jpg&#8220; title_text=&#8220;warszaty-magii&#8220; url=&#8220;https:\/\/zamekczocha.com\/wydarzenia\/warsztaty-magii\/&#8220; align_tablet=&#8220;center&#8220; align_phone=&#8220;&#8220; align_last_edited=&#8220;on|desktop&#8220; _builder_version=&#8220;4.19.4&#8243; animation_style=&#8220;zoom&#8220; global_colors_info=&#8220;{}&#8220;][\/et_pb_image][et_pb_text _builder_version=&#8220;4.19.4&#8243; custom_padding=&#8220;5px|5px|5px|5px&#8220; link_option_url=&#8220;https:\/\/zamekczocha.com\/wydarzenia\/warsztaty-magii\/&#8220; global_colors_info=&#8220;{}&#8220;]<\/p>\n<h3>Warszaty Magii<\/h3>\n<p>[\/et_pb_text][\/et_pb_column][\/et_pb_row][et_pb_row column_structure=&#8220;1_2,1_2&#8243; module_class=&#8220;box-z-podtytulem&#8220; _builder_version=&#8220;4.16&#8243; global_colors_info=&#8220;{}&#8220;][et_pb_column type=&#8220;1_2&#8243; _builder_version=&#8220;4.16&#8243; background_color=&#8220;#f6f6f6&#8243; custom_padding=&#8220;|||&#8220; global_colors_info=&#8220;{}&#8220; custom_padding__hover=&#8220;|||&#8220;][et_pb_image src=&#8220;https:\/\/zamekczocha.com\/wp-content\/uploads\/gabinet-osobliwosci-1.jpg&#8220; url=&#8220;https:\/\/zamekczocha.com\/atrakcje\/gabinet-osobliwosci-i-multimedialne-sale-tortur\/&#8220; align_tablet=&#8220;center&#8220; align_phone=&#8220;&#8220; align_last_edited=&#8220;on|desktop&#8220; _builder_version=&#8220;4.16&#8243; animation_style=&#8220;zoom&#8220; global_colors_info=&#8220;{}&#8220;][\/et_pb_image][et_pb_text _builder_version=&#8220;4.16&#8243; text_font=&#8220;||||||||&#8220; header_font=&#8220;||||||||&#8220; header_3_font=&#8220;||||||||&#8220; custom_padding=&#8220;5px|5px|5px|5px&#8220; animation_style=&#8220;fold&#8220; link_option_url=&#8220;https:\/\/zamekczocha.com\/atrakcje\/multimedialne-sale-tortur\/&#8220; global_colors_info=&#8220;{}&#8220;]<\/p>\n<h3>Multimedi\u00e1ln\u00ed mu\u010d\u00edrna<\/h3>\n<p>[\/et_pb_text][\/et_pb_column][et_pb_column type=&#8220;1_2&#8243; _builder_version=&#8220;4.16&#8243; global_colors_info=&#8220;{}&#8220;][et_pb_image src=&#8220;https:\/\/zamekczocha.com\/wp-content\/uploads\/nocne_zwiedzanie-2.jpg&#8220; url=&#8220;https:\/\/zamekczocha.com\/atrakcje\/nocne-zwiedzanie-zamku-czocha\/&#8220; align_tablet=&#8220;center&#8220; align_phone=&#8220;&#8220; align_last_edited=&#8220;on|desktop&#8220; _builder_version=&#8220;4.16&#8243; animation_style=&#8220;zoom&#8220; global_colors_info=&#8220;{}&#8220;][\/et_pb_image][et_pb_text _builder_version=&#8220;4.16&#8243; custom_padding=&#8220;5px|5px|5px|5px&#8220; link_option_url=&#8220;https:\/\/zamekczocha.com\/atrakcje\/nocne-zwiedzanie-zamku-czocha\/&#8220; global_colors_info=&#8220;{}&#8220;]<\/p>\n<h3>No\u010dn\u00ed prohl\u00eddky hradu<\/h3>\n<p>[\/et_pb_text][\/et_pb_column][\/et_pb_row][\/et_pb_section][et_pb_section fb_built=&#8220;1&#8243; _builder_version=&#8220;4.16&#8243; background_color=&#8220;#f6f6f6&#8243; global_colors_info=&#8220;{}&#8220;][et_pb_row _builder_version=&#8220;4.16&#8243; global_colors_info=&#8220;{}&#8220;][et_pb_column type=&#8220;4_4&#8243; _builder_version=&#8220;4.16&#8243; custom_padding=&#8220;|||&#8220; global_colors_info=&#8220;{}&#8220; custom_padding__hover=&#8220;|||&#8220;][et_pb_text _builder_version=&#8220;4.16&#8243; header_font=&#8220;||||||||&#8220; header_3_font=&#8220;||||||||&#8220; global_colors_info=&#8220;{}&#8220;]<\/p>\n<h2>Sta\u0142e imprezy na Zamku Czocha&#8230;<\/h2>\n<p>[\/et_pb_text][\/et_pb_column][\/et_pb_row][et_pb_row column_structure=&#8220;1_2,1_2&#8243; make_equal=&#8220;on&#8220; module_class=&#8220;box-z-podtytulem&#8220; _builder_version=&#8220;4.27.2&#8243; global_colors_info=&#8220;{}&#8220;][et_pb_column type=&#8220;1_2&#8243; _builder_version=&#8220;4.27.2&#8243; background_color=&#8220;#043a78&#8243; custom_padding=&#8220;|||&#8220; global_colors_info=&#8220;{}&#8220; custom_padding__hover=&#8220;|||&#8220;][et_pb_image src=&#8220;https:\/\/zamekczocha.com\/wp-content\/uploads\/sladem-wojennych-tajemnic-landspace-1.jpg&#8220; title_text=&#8220;sladem-wojennych-tajemnic-landspace (1)&#8220; url=&#8220;https:\/\/zamekczocha.com\/wydarzenia\/sladem-wojennych-tajemnic-zamku-czocha\/&#8220; align_tablet=&#8220;center&#8220; align_phone=&#8220;&#8220; align_last_edited=&#8220;on|desktop&#8220; _builder_version=&#8220;4.27.2&#8243; animation_style=&#8220;flip&#8220; global_colors_info=&#8220;{}&#8220;][\/et_pb_image][et_pb_text _builder_version=&#8220;4.27.2&#8243; custom_padding=&#8220;5px|5px|5px|5px&#8220; link_option_url=&#8220;https:\/\/zamekczocha.com\/atrakcje\/nocne-zwiedzanie-dla-dzieci\/&#8220; global_colors_info=&#8220;{}&#8220;]<\/p>\n<h4><span style=\"color: #ffffff;\">\u015aladem Wojennych Tajemnic<\/span><\/h4>\n<p>[\/et_pb_text][\/et_pb_column][et_pb_column type=&#8220;1_2&#8243; _builder_version=&#8220;4.16&#8243; background_color=&#8220;#043a78&#8243; custom_padding=&#8220;|||&#8220; global_colors_info=&#8220;{}&#8220; custom_padding__hover=&#8220;|||&#8220;][et_pb_image src=&#8220;https:\/\/zamekczocha.com\/wp-content\/uploads\/maciejchyra_com-MCH02438-2.jpg&#8220; title_text=&#8220;maciejchyra_com-MCH02438-2&#8243; url=&#8220;https:\/\/zamekczocha.com\/atrakcje\/szlakiem-tajnych-przejsc-nowe-zwiedzanie-tematyczne\/&#8220; align_tablet=&#8220;center&#8220; align_phone=&#8220;&#8220; align_last_edited=&#8220;on|desktop&#8220; _builder_version=&#8220;4.27.2&#8243; animation_style=&#8220;flip&#8220; global_colors_info=&#8220;{}&#8220;][\/et_pb_image][et_pb_text _builder_version=&#8220;4.27.2&#8243; custom_padding=&#8220;5px|5px|5px|5px&#8220; link_option_url=&#8220;https:\/\/zamekczocha.com\/atrakcje\/szlakiem-tajnych-przejsc-nowe-zwiedzanie-tematyczne\/&#8220; global_colors_info=&#8220;{}&#8220;]<\/p>\n<h4><span style=\"color: #ffffff;\">Szlakiem Tajnych Przej\u015b\u0107 &#8211; Zwiedzanie Tematyczne<\/span><\/h4>\n<p>[\/et_pb_text][\/et_pb_column][\/et_pb_row][\/et_pb_section]<\/p>\n","protected":false},"excerpt":{"rendered":"<p>Prohl\u00eddky hradu CzochaV\u0161echny milovn\u00edky historie, tajemstv\u00ed a legend zveme na prohl\u00eddku hradu s pr\u016fvodcem. Tajemn\u00e1 atmosf\u00e9ra m\u00edsta zajist\u00ed, \u017ee se v\u00fdlet stane nezapomenuteln\u00fdm dobrodru\u017estv\u00edm. Tajn\u00e9 chodby, stylov\u00e9 komnaty, neoby\u010dejn\u00e9 expozice\u2026 No\u010dn\u00ed prohl\u00eddky pro d\u011btiWarszaty MagiiMultimedi\u00e1ln\u00ed mu\u010d\u00edrnaNo\u010dn\u00ed prohl\u00eddky hraduSta\u0142e imprezy na Zamku Czocha&#8230;\u015aladem Wojennych TajemnicSzlakiem Tajnych Przej\u015b\u0107 &#8211; Zwiedzanie Tematyczne<\/p>\n","protected":false},"author":1,"featured_media":0,"parent":0,"menu_order":0,"comment_status":"closed","ping_status":"closed","template":"","meta":{"_acf_changed":false,"_et_pb_use_builder":"on","_et_pb_old_content":"","_et_gb_content_width":"","footnotes":""},"yst_prominent_words":[],"class_list":["post-3896","page","type-page","status-publish","hentry"],"acf":[],"_links":{"self":[{"href":"https:\/\/zamekczocha.com\/cs\/wp-json\/wp\/v2\/pages\/3896","targetHints":{"allow":["GET"]}}],"collection":[{"href":"https:\/\/zamekczocha.com\/cs\/wp-json\/wp\/v2\/pages"}],"about":[{"href":"https:\/\/zamekczocha.com\/cs\/wp-json\/wp\/v2\/types\/page"}],"author":[{"embeddable":true,"href":"https:\/\/zamekczocha.com\/cs\/wp-json\/wp\/v2\/users\/1"}],"replies":[{"embeddable":true,"href":"https:\/\/zamekczocha.com\/cs\/wp-json\/wp\/v2\/comments?post=3896"}],"version-history":[{"count":11,"href":"https:\/\/zamekczocha.com\/cs\/wp-json\/wp\/v2\/pages\/3896\/revisions"}],"predecessor-version":[{"id":4020,"href":"https:\/\/zamekczocha.com\/cs\/wp-json\/wp\/v2\/pages\/3896\/revisions\/4020"}],"wp:attachment":[{"href":"https:\/\/zamekczocha.com\/cs\/wp-json\/wp\/v2\/media?parent=3896"}],"wp:term":[{"taxonomy":"yst_prominent_words","embeddable":true,"href":"https:\/\/zamekczocha.com\/cs\/wp-json\/wp\/v2\/yst_prominent_words?post=3896"}],"curies":[{"name":"wp","href":"https:\/\/api.w.org\/{rel}","templated":true}]}}