{"id":3907,"date":"2018-12-19T23:46:59","date_gmt":"2018-12-19T22:46:59","guid":{"rendered":"https:\/\/zamekczocha.com\/pokoje\/"},"modified":"2026-02-24T09:53:00","modified_gmt":"2026-02-24T08:53:00","slug":"pokoje","status":"publish","type":"page","link":"https:\/\/zamekczocha.com\/cs\/pokoje\/","title":{"rendered":"Pokoje"},"content":{"rendered":"<p>[et_pb_section fb_built=&#8220;1&#8243; _builder_version=&#8220;4.16&#8243; global_colors_info=&#8220;{}&#8220;][et_pb_row column_structure=&#8220;1_2,1_2&#8243; _builder_version=&#8220;4.16&#8243; global_colors_info=&#8220;{}&#8220;][et_pb_column type=&#8220;1_2&#8243; _builder_version=&#8220;4.16&#8243; custom_padding=&#8220;|||&#8220; global_colors_info=&#8220;{}&#8220; custom_padding__hover=&#8220;|||&#8220;][et_pb_image src=&#8220;https:\/\/zamekczocha.com\/wp-content\/uploads\/glowne.jpg&#8220; show_in_lightbox=&#8220;on&#8220; align_tablet=&#8220;center&#8220; align_phone=&#8220;&#8220; align_last_edited=&#8220;on|desktop&#8220; _builder_version=&#8220;4.27.4&#8243; hover_enabled=&#8220;0&#8243; global_colors_info=&#8220;{}&#8220; title_text=&#8220;g\u0142owne&#8220; sticky_enabled=&#8220;0&#8243;]<br \/>\n[\/et_pb_image][\/et_pb_column][et_pb_column type=&#8220;1_2&#8243; _builder_version=&#8220;4.16&#8243; custom_padding=&#8220;|||&#8220; global_colors_info=&#8220;{}&#8220; custom_padding__hover=&#8220;|||&#8220;][et_pb_blurb title=&#8220;Pokoje&#8220; admin_label=&#8220;Pokoje&#8220; _builder_version=&#8220;4.26.1&#8243; header_level=&#8220;h2&#8243; header_text_align=&#8220;center&#8220; text_orientation=&#8220;justified&#8220; global_colors_info=&#8220;{}&#8220;]<\/p>\n<p>Hrad Czocha nab\u00edz\u00ed t\u0159i standardy pokoj\u016f pro odpo\u010dinek po pln\u00e9m dni z\u00e1\u017eitk\u016f:<br \/>\u2022 standard<br \/>\u2022 economy<br \/>\u2022 superior<br \/>V hradu se nach\u00e1z\u00ed tak\u00e9 8 speci\u00e1ln\u00edch tematick\u00fdch pokoj\u016f, kter\u00e9 nadchnou i n\u00e1ro\u010dn\u00e9 hosty.<br \/>Ubytov\u00e1n\u00ed je vhodn\u00e9 pro individu\u00e1ln\u00ed hosty i pro skupiny, k dispozici jsou pokoje pro 3 a 4 osoby.<br \/>V\u0161echny pokoje jsou vybaveny pro maxim\u00e1ln\u00ed komfort.<br \/>Z d\u016fvodu historick\u00e9ho charakteru hradu m\u00e1 9 pokoj\u016f spole\u010dn\u00e9 sprchy na chodb\u011b.<br \/>Sprchy jsou \u010dist\u00e9 a udr\u017eovan\u00e9.<\/p>\n<p><strong>Cen\u00edk pokoj\u016f: <a href=\"https:\/\/zamekczocha.com\/wp-content\/uploads\/CENNIK-POKOI-2026.pdf\">viz Cen\u00edk pokoj\u016f \u2013 Hrad Czocha<\/a><\/strong><\/p>\n<p>[\/et_pb_blurb][\/et_pb_column][\/et_pb_row][et_pb_row column_structure=&#8220;1_3,1_3,1_3&#8243; _builder_version=&#8220;4.16&#8243; global_colors_info=&#8220;{}&#8220;][et_pb_column type=&#8220;1_3&#8243; _builder_version=&#8220;4.16&#8243; custom_padding=&#8220;|||&#8220; global_colors_info=&#8220;{}&#8220; custom_padding__hover=&#8220;|||&#8220;][et_pb_text admin_label=&#8220;Pokoje standard&#8220; _builder_version=&#8220;4.16&#8243; global_colors_info=&#8220;{}&#8220;]<\/p>\n<table>\n<thead>\n<tr>\n<th colspan=\"2\">POKOJE STANDARD<\/th>\n<\/tr>\n<\/thead>\n<tbody>\n<tr>\n<td>1 os.<\/td>\n<td>\u00a03 pokoje<\/td>\n<\/tr>\n<tr>\n<td>2 os. (twin)<\/td>\n<td>12 pokoj\u016f<\/td>\n<\/tr>\n<tr>\n<td>3 os.<\/td>\n<td>8 pokoj\u016f<\/td>\n<\/tr>\n<tr>\n<td>4 os.<\/td>\n<td>2 pokoje<\/td>\n<\/tr>\n<\/tbody>\n<\/table>\n<p>&nbsp;<\/p>\n<p>[\/et_pb_text][\/et_pb_column][et_pb_column type=&#8220;1_3&#8243; _builder_version=&#8220;4.16&#8243; custom_padding=&#8220;|||&#8220; global_colors_info=&#8220;{}&#8220; custom_padding__hover=&#8220;|||&#8220;][et_pb_text admin_label=&#8220;Pokoje economy&#8220; _builder_version=&#8220;4.16&#8243; global_colors_info=&#8220;{}&#8220;]<\/p>\n<table>\n<thead>\n<tr>\n<th colspan=\"2\">POKOJE ECONOMY<\/th>\n<\/tr>\n<\/thead>\n<tbody>\n<tr>\n<td>2 os. (twin)<\/td>\n<td>8 pokoj\u016f<\/td>\n<\/tr>\n<tr>\n<td>3 os.<\/td>\n<td>1 pokoj<\/td>\n<\/tr>\n<\/tbody>\n<\/table>\n<p>&nbsp;<\/p>\n<p>[\/et_pb_text][\/et_pb_column][et_pb_column type=&#8220;1_3&#8243; _builder_version=&#8220;4.16&#8243; custom_padding=&#8220;|||&#8220; global_colors_info=&#8220;{}&#8220; custom_padding__hover=&#8220;|||&#8220;][et_pb_text admin_label=&#8220;Pokoje superior&#8220; _builder_version=&#8220;4.16&#8243; global_colors_info=&#8220;{}&#8220;]<\/p>\n<table>\n<thead>\n<tr>\n<th colspan=\"2\">POKOJE SUPEPRIOR<\/th>\n<\/tr>\n<\/thead>\n<tbody>\n<tr>\n<td>2 os. (double)<\/td>\n<td>2 pokoje<\/td>\n<\/tr>\n<tr>\n<td>3 os.<\/td>\n<td>4 pokoje<\/td>\n<\/tr>\n<tr>\n<td>4 os.<\/td>\n<td>2 pokoje<\/td>\n<\/tr>\n<\/tbody>\n<\/table>\n<p>&nbsp;<\/p>\n<p>[\/et_pb_text][\/et_pb_column][\/et_pb_row][\/et_pb_section][et_pb_section fb_built=&#8220;1&#8243; admin_label=&#8220;Pokoje specjalne&#8220; module_id=&#8220;pokoje-tematyczne&#8220; _builder_version=&#8220;4.16&#8243; collapsed=&#8220;off&#8220; global_colors_info=&#8220;{}&#8220;][et_pb_row _builder_version=&#8220;4.16&#8243; collapsed=&#8220;off&#8220; global_colors_info=&#8220;{}&#8220;][et_pb_column type=&#8220;4_4&#8243; _builder_version=&#8220;4.16&#8243; custom_padding=&#8220;|||&#8220; global_colors_info=&#8220;{}&#8220; custom_padding__hover=&#8220;|||&#8220;][et_pb_text admin_label=&#8220;Pokoje specjalne&#8220; _builder_version=&#8220;4.27.4&#8243; global_colors_info=&#8220;{}&#8220;]<\/p>\n<h1 style=\"text-align: left;\">Tematick\u00e9 pokoje<\/h1>\n<p>[\/et_pb_text][et_pb_text admin_label=&#8220;Opis Pokoje specjalne&#8220; _builder_version=&#8220;4.27.4&#8243; global_colors_info=&#8220;{}&#8220;]<\/p>\n<p style=\"text-align: left;\">Charakter hradu dokresluje 7 speci\u00e1ln\u00edch pokoj\u016f inspirovan\u00fdch historick\u00fdmi \u010di liter\u00e1rn\u00edmi postavami. N\u011bkter\u00e9 p\u0159ipom\u00ednaj\u00ed \u0161lechtick\u00e1 s\u00eddla, jin\u00e9 podporuj\u00ed touhu po dobrodru\u017estv\u00ed. V\u0161echny zanechaj\u00ed nezapomenuteln\u00fd dojem.<\/p>\n<p>[\/et_pb_text][\/et_pb_column][\/et_pb_row][et_pb_row column_structure=&#8220;1_4,1_4,1_4,1_4&#8243; make_equal=&#8220;on&#8220; module_class=&#8220;box-z-podtytulem pokoje&#8220; _builder_version=&#8220;4.27.2&#8243; global_colors_info=&#8220;{}&#8220;][et_pb_column type=&#8220;1_4&#8243; _builder_version=&#8220;4.16&#8243; background_color=&#8220;#043a78&#8243; custom_padding=&#8220;|||&#8220; global_colors_info=&#8220;{}&#8220; custom_padding__hover=&#8220;|||&#8220;][et_pb_image src=&#8220;https:\/\/zamekczocha.com\/wp-content\/uploads\/pokoj-Anny-Marii-r4.jpg&#8220; title_text=&#8220;pok\u00f3j Anny Marii r4&#8243; show_in_lightbox=&#8220;on&#8220; align_tablet=&#8220;center&#8220; align_phone=&#8220;&#8220; align_last_edited=&#8220;on|desktop&#8220; _builder_version=&#8220;4.27.2&#8243; global_colors_info=&#8220;{}&#8220;][\/et_pb_image][et_pb_text admin_label=&#8220;Pok\u00f3j Ch\u0142opca Czarodzieja&#8220; _builder_version=&#8220;4.16&#8243; custom_padding=&#8220;|10px||10px&#8220; global_colors_info=&#8220;{}&#8220;]<\/p>\n<h3><span style=\"color: #ffffff;\">Pok\u00f3j Anny Marii<\/span><\/h3>\n<p>[\/et_pb_text][\/et_pb_column][et_pb_column type=&#8220;1_4&#8243; _builder_version=&#8220;4.16&#8243; background_color=&#8220;#043a78&#8243; custom_padding=&#8220;|||&#8220; global_colors_info=&#8220;{}&#8220; custom_padding__hover=&#8220;|||&#8220;][et_pb_image src=&#8220;https:\/\/zamekczocha.com\/wp-content\/uploads\/pokoj-kasztelana-2-scaled.jpg&#8220; title_text=&#8220;pok\u00f3j kasztelana&#8220; show_in_lightbox=&#8220;on&#8220; align_tablet=&#8220;center&#8220; align_phone=&#8220;&#8220; align_last_edited=&#8220;on|desktop&#8220; _builder_version=&#8220;4.27.2&#8243; global_colors_info=&#8220;{}&#8220;][\/et_pb_image][et_pb_text admin_label=&#8220;Apartament Ernesta G\u00fctschowa&#8220; _builder_version=&#8220;4.16&#8243; custom_padding=&#8220;|10px||10px&#8220; global_colors_info=&#8220;{}&#8220;]<\/p>\n<h3><span style=\"color: #ffffff;\">Pok\u00f3j Kasztelana<\/span><\/h3>\n<p>[\/et_pb_text][\/et_pb_column][et_pb_column type=&#8220;1_4&#8243; _builder_version=&#8220;4.16&#8243; background_color=&#8220;#043a78&#8243; custom_padding=&#8220;|||&#8220; global_colors_info=&#8220;{}&#8220; custom_padding__hover=&#8220;|||&#8220;][et_pb_image src=&#8220;https:\/\/zamekczocha.com\/wp-content\/uploads\/chlopca-czarodzieja-scaled.jpg&#8220; show_in_lightbox=&#8220;on&#8220; align_tablet=&#8220;center&#8220; align_phone=&#8220;&#8220; align_last_edited=&#8220;on|desktop&#8220; _builder_version=&#8220;4.27.4&#8243; hover_enabled=&#8220;0&#8243; global_colors_info=&#8220;{}&#8220; title_text=&#8220;ch\u0142opca czarodzieja&#8220; sticky_enabled=&#8220;0&#8243;][\/et_pb_image][et_pb_text admin_label=&#8220;Pok\u00f3j Bodo Ebhardta&#8220; _builder_version=&#8220;4.27.2&#8243; text_font=&#8220;||||||||&#8220; custom_padding=&#8220;|10px||10px&#8220; global_colors_info=&#8220;{}&#8220;]<\/p>\n<h3><span style=\"color: #ffffff;\">Pok\u00f3j Ch\u0142opca Czarodzieja<\/span><\/h3>\n<p>[\/et_pb_text][\/et_pb_column][et_pb_column type=&#8220;1_4&#8243; _builder_version=&#8220;4.27.2&#8243; _module_preset=&#8220;default&#8220; global_colors_info=&#8220;{}&#8220;][et_pb_image src=&#8220;https:\/\/zamekczocha.com\/wp-content\/uploads\/filmowy-scaled.jpg&#8220; title_text=&#8220;filmowy&#8220; _builder_version=&#8220;4.27.4&#8243; _module_preset=&#8220;default&#8220; hover_enabled=&#8220;0&#8243; global_colors_info=&#8220;{}&#8220; sticky_enabled=&#8220;0&#8243;][\/et_pb_image][et_pb_text _builder_version=&#8220;4.27.2&#8243; _module_preset=&#8220;default&#8220; global_colors_info=&#8220;{}&#8220;]<\/p>\n<h3><span style=\"color: #ffffff;\">Pok\u00f3j Filmowy<\/span><\/h3>\n<p>[\/et_pb_text][\/et_pb_column][\/et_pb_row][et_pb_row column_structure=&#8220;1_4,1_4,1_4,1_4&#8243; make_equal=&#8220;on&#8220; admin_label=&#8220;Wiersz&#8220; module_class=&#8220;box-z-podtytulem pokoje&#8220; _builder_version=&#8220;4.27.2&#8243; custom_padding=&#8220;32px|0px|32px|0px|true|false&#8220; global_colors_info=&#8220;{}&#8220;][et_pb_column type=&#8220;1_4&#8243; _builder_version=&#8220;4.16&#8243; background_color=&#8220;#043a78&#8243; custom_padding=&#8220;|||&#8220; global_colors_info=&#8220;{}&#8220; custom_padding__hover=&#8220;|||&#8220;][et_pb_image src=&#8220;https:\/\/zamekczocha.com\/wp-content\/uploads\/pok\u00f3j-Marlina.jpg&#8220; show_in_lightbox=&#8220;on&#8220; align_tablet=&#8220;center&#8220; align_phone=&#8220;&#8220; align_last_edited=&#8220;on|desktop&#8220; _builder_version=&#8220;4.27.2&#8243; global_colors_info=&#8220;{}&#8220;]<br \/>\n[\/et_pb_image][et_pb_text admin_label=&#8220;Pok\u00f3j Edgara von \u00dcchtritz&#8220; _builder_version=&#8220;4.16&#8243; custom_padding=&#8220;|5px||5px&#8220; global_colors_info=&#8220;{}&#8220;]<\/p>\n<h3><span style=\"color: #ffffff;\">Pok\u00f3j Edgara von \u00dcchtritz<\/span><\/h3>\n<p>[\/et_pb_text][\/et_pb_column][et_pb_column type=&#8220;1_4&#8243; _builder_version=&#8220;4.16&#8243; background_color=&#8220;#043a78&#8243; custom_padding=&#8220;|||&#8220; global_colors_info=&#8220;{}&#8220; custom_padding__hover=&#8220;|||&#8220;][et_pb_image src=&#8220;https:\/\/zamekczocha.com\/wp-content\/uploads\/mysliwski-scaled.jpg&#8220; show_in_lightbox=&#8220;on&#8220; align_tablet=&#8220;center&#8220; align_phone=&#8220;&#8220; align_last_edited=&#8220;on|desktop&#8220; _builder_version=&#8220;4.27.4&#8243; hover_enabled=&#8220;0&#8243; global_colors_info=&#8220;{}&#8220; title_text=&#8220;my\u015bliwski&#8220; sticky_enabled=&#8220;0&#8243;][\/et_pb_image][et_pb_text admin_label=&#8220;Pok\u00f3j My\u015bliwski&#8220; _builder_version=&#8220;4.16&#8243; custom_padding=&#8220;|5px||5px&#8220; global_colors_info=&#8220;{}&#8220;]<\/p>\n<h3><span style=\"color: #ffffff;\">Pok\u00f3j My\u015bliwski<\/span><\/h3>\n<p>[\/et_pb_text][\/et_pb_column][et_pb_column type=&#8220;1_4&#8243; _builder_version=&#8220;4.16&#8243; background_color=&#8220;#043a78&#8243; custom_padding=&#8220;|||&#8220; global_colors_info=&#8220;{}&#8220; custom_padding__hover=&#8220;|||&#8220;][et_pb_image src=&#8220;https:\/\/zamekczocha.com\/wp-content\/uploads\/podroznika-scaled.jpg&#8220; title_text=&#8220;podr\u00f3\u017cnika&#8220; show_in_lightbox=&#8220;on&#8220; align_tablet=&#8220;center&#8220; align_phone=&#8220;&#8220; align_last_edited=&#8220;on|desktop&#8220; _builder_version=&#8220;4.27.4&#8243; hover_enabled=&#8220;0&#8243; global_colors_info=&#8220;{}&#8220; sticky_enabled=&#8220;0&#8243;][\/et_pb_image][et_pb_text admin_label=&#8220;Pok\u00f3j Podr\u00f3\u017cnika&#8220; _builder_version=&#8220;4.16&#8243; custom_padding=&#8220;|5px||5px&#8220; global_colors_info=&#8220;{}&#8220;]<\/p>\n<h3><span style=\"color: #ffffff;\">Pok\u00f3j Podr\u00f3\u017cnika<\/span><\/h3>\n<p>[\/et_pb_text][\/et_pb_column][et_pb_column type=&#8220;1_4&#8243; _builder_version=&#8220;4.16&#8243; background_color=&#8220;#043a78&#8243; custom_padding=&#8220;|||&#8220; global_colors_info=&#8220;{}&#8220; custom_padding__hover=&#8220;|||&#8220;][et_pb_image src=&#8220;https:\/\/zamekczocha.com\/wp-content\/uploads\/rycerski-scaled.jpg&#8220; show_in_lightbox=&#8220;on&#8220; align_tablet=&#8220;center&#8220; align_phone=&#8220;&#8220; align_last_edited=&#8220;on|desktop&#8220; _builder_version=&#8220;4.27.4&#8243; hover_enabled=&#8220;0&#8243; global_colors_info=&#8220;{}&#8220; title_text=&#8220;rycerski&#8220; sticky_enabled=&#8220;0&#8243;][\/et_pb_image][et_pb_text admin_label=&#8220;Pok\u00f3j Rycerski&#8220; _builder_version=&#8220;4.16&#8243; custom_padding=&#8220;|5px||5px&#8220; global_colors_info=&#8220;{}&#8220;]<\/p>\n<h3><span style=\"color: #ffffff;\">Pok\u00f3j Rycerski<\/span><\/h3>\n<p>[\/et_pb_text][\/et_pb_column][\/et_pb_row][et_pb_row column_structure=&#8220;1_3,1_3,1_3&#8243; make_equal=&#8220;on&#8220; admin_label=&#8220;Wiersz&#8220; module_class=&#8220;box-z-podtytulem pokoje&#8220; _builder_version=&#8220;4.27.2&#8243; custom_padding=&#8220;32px|0px|32px|0px|true|false&#8220; global_colors_info=&#8220;{}&#8220;][et_pb_column type=&#8220;1_3&#8243; _builder_version=&#8220;4.16&#8243; background_color=&#8220;#043a78&#8243; custom_padding=&#8220;|||&#8220; global_colors_info=&#8220;{}&#8220; custom_padding__hover=&#8220;|||&#8220;][et_pb_image src=&#8220;https:\/\/zamekczocha.com\/wp-content\/uploads\/Pokoj-Standard-scaled.jpg&#8220; title_text=&#8220;Pok\u00f3j Standard&#8220; show_in_lightbox=&#8220;on&#8220; align_tablet=&#8220;center&#8220; align_phone=&#8220;&#8220; align_last_edited=&#8220;on|desktop&#8220; _builder_version=&#8220;4.27.2&#8243; global_colors_info=&#8220;{}&#8220;]<br \/>\n[\/et_pb_image][et_pb_text admin_label=&#8220;Pok\u00f3j Edgara von \u00dcchtritz&#8220; _builder_version=&#8220;4.16&#8243; custom_padding=&#8220;|5px||5px&#8220; global_colors_info=&#8220;{}&#8220;]<\/p>\n<h3><span style=\"color: #ffffff;\">Pok\u00f3j standardowy<\/span><\/h3>\n<p>[\/et_pb_text][\/et_pb_column][et_pb_column type=&#8220;1_3&#8243; _builder_version=&#8220;4.16&#8243; background_color=&#8220;#043a78&#8243; custom_padding=&#8220;|||&#8220; global_colors_info=&#8220;{}&#8220; custom_padding__hover=&#8220;|||&#8220;][et_pb_image src=&#8220;https:\/\/zamekczocha.com\/wp-content\/uploads\/pokoj-typu-standard.jpg&#8220; title_text=&#8220;pok\u00f3j typu standard&#8220; show_in_lightbox=&#8220;on&#8220; align_tablet=&#8220;center&#8220; align_phone=&#8220;&#8220; align_last_edited=&#8220;on|desktop&#8220; _builder_version=&#8220;4.27.2&#8243; global_colors_info=&#8220;{}&#8220;][\/et_pb_image][et_pb_text admin_label=&#8220;Pok\u00f3j My\u015bliwski&#8220; _builder_version=&#8220;4.16&#8243; custom_padding=&#8220;|5px||5px&#8220; global_colors_info=&#8220;{}&#8220;]<\/p>\n<h3><span style=\"color: #ffffff;\">Pok\u00f3j standardowy<\/span><\/h3>\n<p>[\/et_pb_text][\/et_pb_column][et_pb_column type=&#8220;1_3&#8243; _builder_version=&#8220;4.16&#8243; background_color=&#8220;#043a78&#8243; custom_padding=&#8220;|||&#8220; global_colors_info=&#8220;{}&#8220; custom_padding__hover=&#8220;|||&#8220;][et_pb_image src=&#8220;https:\/\/zamekczocha.com\/wp-content\/uploads\/pokoj-standard6.jpg&#8220; title_text=&#8220;pok\u00f3j standard6&#8243; show_in_lightbox=&#8220;on&#8220; align_tablet=&#8220;center&#8220; align_phone=&#8220;&#8220; align_last_edited=&#8220;on|desktop&#8220; _builder_version=&#8220;4.27.2&#8243; global_colors_info=&#8220;{}&#8220;][\/et_pb_image][et_pb_text admin_label=&#8220;Pok\u00f3j Podr\u00f3\u017cnika&#8220; _builder_version=&#8220;4.16&#8243; custom_padding=&#8220;|5px||5px&#8220; global_colors_info=&#8220;{}&#8220;]<\/p>\n<h3><span style=\"color: #ffffff;\">Pok\u00f3j standardowy<\/span><\/h3>\n<p>[\/et_pb_text][\/et_pb_column][\/et_pb_row][\/et_pb_section]<\/p>\n","protected":false},"excerpt":{"rendered":"<p>Hrad Czocha nab\u00edz\u00ed t\u0159i standardy pokoj\u016f pro odpo\u010dinek po pln\u00e9m dni z\u00e1\u017eitk\u016f:\u2022 standard\u2022 economy\u2022 superiorV hradu se nach\u00e1z\u00ed tak\u00e9 8 speci\u00e1ln\u00edch tematick\u00fdch pokoj\u016f, kter\u00e9 nadchnou i n\u00e1ro\u010dn\u00e9 hosty.Ubytov\u00e1n\u00ed je vhodn\u00e9 pro individu\u00e1ln\u00ed hosty i pro skupiny, k dispozici jsou pokoje pro 3 a 4 osoby.V\u0161echny pokoje jsou vybaveny pro maxim\u00e1ln\u00ed komfort.Z d\u016fvodu historick\u00e9ho charakteru hradu [&hellip;]<\/p>\n","protected":false},"author":1,"featured_media":0,"parent":0,"menu_order":0,"comment_status":"closed","ping_status":"closed","template":"","meta":{"_acf_changed":false,"_et_pb_use_builder":"on","_et_pb_old_content":"","_et_gb_content_width":"","footnotes":""},"yst_prominent_words":[],"class_list":["post-3907","page","type-page","status-publish","hentry"],"acf":[],"_links":{"self":[{"href":"https:\/\/zamekczocha.com\/cs\/wp-json\/wp\/v2\/pages\/3907","targetHints":{"allow":["GET"]}}],"collection":[{"href":"https:\/\/zamekczocha.com\/cs\/wp-json\/wp\/v2\/pages"}],"about":[{"href":"https:\/\/zamekczocha.com\/cs\/wp-json\/wp\/v2\/types\/page"}],"author":[{"embeddable":true,"href":"https:\/\/zamekczocha.com\/cs\/wp-json\/wp\/v2\/users\/1"}],"replies":[{"embeddable":true,"href":"https:\/\/zamekczocha.com\/cs\/wp-json\/wp\/v2\/comments?post=3907"}],"version-history":[{"count":7,"href":"https:\/\/zamekczocha.com\/cs\/wp-json\/wp\/v2\/pages\/3907\/revisions"}],"predecessor-version":[{"id":4168,"href":"https:\/\/zamekczocha.com\/cs\/wp-json\/wp\/v2\/pages\/3907\/revisions\/4168"}],"wp:attachment":[{"href":"https:\/\/zamekczocha.com\/cs\/wp-json\/wp\/v2\/media?parent=3907"}],"wp:term":[{"taxonomy":"yst_prominent_words","embeddable":true,"href":"https:\/\/zamekczocha.com\/cs\/wp-json\/wp\/v2\/yst_prominent_words?post=3907"}],"curies":[{"name":"wp","href":"https:\/\/api.w.org\/{rel}","templated":true}]}}