{"id":3916,"date":"2018-12-19T23:42:17","date_gmt":"2018-12-19T22:42:17","guid":{"rendered":"https:\/\/zamekczocha.com\/spa\/"},"modified":"2025-11-17T14:47:21","modified_gmt":"2025-11-17T13:47:21","slug":"spa","status":"publish","type":"page","link":"https:\/\/zamekczocha.com\/cs\/spa\/","title":{"rendered":"SPA"},"content":{"rendered":"<p>[et_pb_section fb_built=&#8220;1&#8243; _builder_version=&#8220;4.16&#8243; global_colors_info=&#8220;{}&#8220;][et_pb_row column_structure=&#8220;1_2,1_2&#8243; _builder_version=&#8220;4.16&#8243; global_colors_info=&#8220;{}&#8220;][et_pb_column type=&#8220;1_2&#8243; _builder_version=&#8220;4.16&#8243; custom_padding=&#8220;|||&#8220; global_colors_info=&#8220;{}&#8220; custom_padding__hover=&#8220;|||&#8220;][et_pb_image src=&#8220;https:\/\/zamekczocha.com\/wp-content\/uploads\/sauna.jpg&#8220; show_in_lightbox=&#8220;on&#8220; align_tablet=&#8220;center&#8220; align_phone=&#8220;center&#8220; align_last_edited=&#8220;on|desktop&#8220; _builder_version=&#8220;4.16&#8243; global_colors_info=&#8220;{}&#8220;][\/et_pb_image][\/et_pb_column][et_pb_column type=&#8220;1_2&#8243; _builder_version=&#8220;4.16&#8243; custom_padding=&#8220;|||&#8220; global_colors_info=&#8220;{}&#8220; custom_padding__hover=&#8220;|||&#8220;][et_pb_blurb title=&#8220;Sauna&#8220; admin_label=&#8220;Sauna&#8220; _builder_version=&#8220;4.16&#8243; header_level=&#8220;h2&#8243; header_text_align=&#8220;center&#8220; text_orientation=&#8220;justified&#8220; global_colors_info=&#8220;{}&#8220;][\/et_pb_blurb][et_pb_text _builder_version=&#8220;4.16&#8243; global_colors_info=&#8220;{}&#8220;]<\/p>\n<p style=\"text-align: justify;\">A\u0165 u\u017e tr\u00e1v\u00edte \u010das aktivn\u011b \u010di odpo\u010dinkem, z\u00e1meck\u00e1 sauna je ide\u00e1ln\u00ed volbou.<br \/>Ulev\u00ed namo\u017een\u00fdm sval\u016fm, uklidn\u00ed nervy a navr\u00e1t\u00ed psychickou rovnov\u00e1hu.<\/p>\n<p style=\"text-align: justify;\">\n<p style=\"text-align: justify;\">Srovnateln\u00e1 s origin\u00e1ln\u00ed finskou saunou \u2013 zaru\u010duje relax i pro n\u00e1ro\u010dn\u00e9 hosty.<\/p>\n<p style=\"text-align: justify;\">\n<p style=\"text-align: justify;\">\n<p style=\"text-align: justify;\">\n<p style=\"text-align: justify;\">\n<p>[\/et_pb_text][\/et_pb_column][\/et_pb_row][\/et_pb_section]<\/p>\n","protected":false},"excerpt":{"rendered":"<p>A\u0165 u\u017e tr\u00e1v\u00edte \u010das aktivn\u011b \u010di odpo\u010dinkem, z\u00e1meck\u00e1 sauna je ide\u00e1ln\u00ed volbou.Ulev\u00ed namo\u017een\u00fdm sval\u016fm, uklidn\u00ed nervy a navr\u00e1t\u00ed psychickou rovnov\u00e1hu. Srovnateln\u00e1 s origin\u00e1ln\u00ed finskou saunou \u2013 zaru\u010duje relax i pro n\u00e1ro\u010dn\u00e9 hosty.<\/p>\n","protected":false},"author":1,"featured_media":0,"parent":0,"menu_order":0,"comment_status":"closed","ping_status":"closed","template":"","meta":{"_acf_changed":false,"_et_pb_use_builder":"on","_et_pb_old_content":"","_et_gb_content_width":"","footnotes":""},"yst_prominent_words":[],"class_list":["post-3916","page","type-page","status-publish","hentry"],"acf":[],"_links":{"self":[{"href":"https:\/\/zamekczocha.com\/cs\/wp-json\/wp\/v2\/pages\/3916","targetHints":{"allow":["GET"]}}],"collection":[{"href":"https:\/\/zamekczocha.com\/cs\/wp-json\/wp\/v2\/pages"}],"about":[{"href":"https:\/\/zamekczocha.com\/cs\/wp-json\/wp\/v2\/types\/page"}],"author":[{"embeddable":true,"href":"https:\/\/zamekczocha.com\/cs\/wp-json\/wp\/v2\/users\/1"}],"replies":[{"embeddable":true,"href":"https:\/\/zamekczocha.com\/cs\/wp-json\/wp\/v2\/comments?post=3916"}],"version-history":[{"count":4,"href":"https:\/\/zamekczocha.com\/cs\/wp-json\/wp\/v2\/pages\/3916\/revisions"}],"predecessor-version":[{"id":3922,"href":"https:\/\/zamekczocha.com\/cs\/wp-json\/wp\/v2\/pages\/3916\/revisions\/3922"}],"wp:attachment":[{"href":"https:\/\/zamekczocha.com\/cs\/wp-json\/wp\/v2\/media?parent=3916"}],"wp:term":[{"taxonomy":"yst_prominent_words","embeddable":true,"href":"https:\/\/zamekczocha.com\/cs\/wp-json\/wp\/v2\/yst_prominent_words?post=3916"}],"curies":[{"name":"wp","href":"https:\/\/api.w.org\/{rel}","templated":true}]}}