{"id":3923,"date":"2018-12-19T23:48:51","date_gmt":"2018-12-19T22:48:51","guid":{"rendered":"https:\/\/zamekczocha.com\/kontakt\/"},"modified":"2025-12-30T13:54:58","modified_gmt":"2025-12-30T12:54:58","slug":"kontakt","status":"publish","type":"page","link":"https:\/\/zamekczocha.com\/cs\/kontakt\/","title":{"rendered":"Kontakt"},"content":{"rendered":"<p>[et_pb_section fb_built=&#8220;1&#8243; admin_label=&#8220;Sekcja &#8211; Formularz kontaktowy&#8220; module_class=&#8220;gravity-forms&#8211;light&#8220; _builder_version=&#8220;4.16&#8243; background_color=&#8220;rgba(0,0,0,0.69)&#8220; background_image=&#8220;https:\/\/zamekczocha.com\/wp-content\/uploads\/tajny-zamek-czocha-1.jpg&#8220; background_blend=&#8220;hue&#8220; global_colors_info=&#8220;{}&#8220;][et_pb_row module_class=&#8220;formularz-kontaktowy__row&#8220; _builder_version=&#8220;4.16&#8243; global_colors_info=&#8220;{}&#8220;][et_pb_column type=&#8220;4_4&#8243; _builder_version=&#8220;4.16&#8243; custom_padding=&#8220;|||&#8220; global_colors_info=&#8220;{}&#8220; custom_padding__hover=&#8220;|||&#8220;][et_pb_contact_form email=&#8220;zamekczocha@rewita.pl&#8220; title=&#8220;Formul\u00e1\u0159:&#8220; custom_message=&#8220;Wiadomo\u015b\u0107 od: %%Name%%||et_pb_line_break_holder||Adres e-mail: %%Email%%||et_pb_line_break_holder||Telefon: %%Field_4%%||et_pb_line_break_holder||Tre\u015b\u0107 wiadomo\u015bci: %%Message%%&#8220; success_message=&#8220;Dzi\u0119kujemy za przes\u0142an\u0105 wiadomo\u015b\u0107!&#8220; submit_button_text=&#8220;Odeslat&#8220; _builder_version=&#8220;4.27.4&#8243; _unique_id=&#8220;a1eca426-c1c8-4637-80bf-e064531e2db3&#8243; form_field_custom_margin=&#8220;||1.5%||false|false&#8220; form_field_custom_margin_tablet=&#8220;||3%||false|false&#8220; form_field_custom_margin_phone=&#8220;||||false|false&#8220; form_field_custom_margin_last_edited=&#8220;on|desktop&#8220; form_field_custom_padding=&#8220;||||false|false&#8220; title_font=&#8220;|800|||||||&#8220; title_text_color=&#8220;#ffffff&#8220; captcha_text_color=&#8220;#ffffff&#8220; captcha_font_size=&#8220;16px&#8220; custom_button=&#8220;on&#8220; button_text_size=&#8220;14px&#8220; form_field_focus_text_color_tablet=&#8220;&#8220; form_field_focus_text_color_phone=&#8220;&#8220; form_field_focus_text_color_last_edited=&#8220;on|desktop&#8220; custom_css_main_element=&#8220;color: #FFF;&#8220; border_radii=&#8220;on|5px|5px|5px|5px&#8220; global_colors_info=&#8220;{}&#8220;][et_pb_contact_field field_id=&#8220;Name&#8220; field_title=&#8220;Jm\u00e9no&#8220; _builder_version=&#8220;4.27.4&#8243; global_colors_info=&#8220;{}&#8220; button_text_size__hover_enabled=&#8220;off&#8220; button_one_text_size__hover_enabled=&#8220;off&#8220; button_two_text_size__hover_enabled=&#8220;off&#8220; button_text_color__hover_enabled=&#8220;off&#8220; button_one_text_color__hover_enabled=&#8220;off&#8220; button_two_text_color__hover_enabled=&#8220;off&#8220; button_border_width__hover_enabled=&#8220;off&#8220; button_one_border_width__hover_enabled=&#8220;off&#8220; button_two_border_width__hover_enabled=&#8220;off&#8220; button_border_color__hover_enabled=&#8220;off&#8220; button_one_border_color__hover_enabled=&#8220;off&#8220; button_two_border_color__hover_enabled=&#8220;off&#8220; button_border_radius__hover_enabled=&#8220;off&#8220; button_one_border_radius__hover_enabled=&#8220;off&#8220; button_two_border_radius__hover_enabled=&#8220;off&#8220; button_letter_spacing__hover_enabled=&#8220;off&#8220; button_one_letter_spacing__hover_enabled=&#8220;off&#8220; button_two_letter_spacing__hover_enabled=&#8220;off&#8220; button_bg_color__hover_enabled=&#8220;off&#8220; button_one_bg_color__hover_enabled=&#8220;off&#8220; button_two_bg_color__hover_enabled=&#8220;off&#8220;][\/et_pb_contact_field][et_pb_contact_field field_id=&#8220;Email&#8220; field_title=&#8220;Email&#8220; field_type=&#8220;email&#8220; _builder_version=&#8220;4.16&#8243; custom_margin=&#8220;||||false|false&#8220; custom_margin_tablet=&#8220;&#8220; custom_margin_phone=&#8220;&#8220; custom_margin_last_edited=&#8220;on|desktop&#8220; custom_padding=&#8220;|||1.5%|false|false&#8220; custom_padding_tablet=&#8220;|||3%|false|false&#8220; custom_padding_phone=&#8220;&#8220; custom_padding_last_edited=&#8220;on|desktop&#8220; global_colors_info=&#8220;{}&#8220; button_text_size__hover_enabled=&#8220;off&#8220; button_one_text_size__hover_enabled=&#8220;off&#8220; button_two_text_size__hover_enabled=&#8220;off&#8220; button_text_color__hover_enabled=&#8220;off&#8220; button_one_text_color__hover_enabled=&#8220;off&#8220; button_two_text_color__hover_enabled=&#8220;off&#8220; button_border_width__hover_enabled=&#8220;off&#8220; button_one_border_width__hover_enabled=&#8220;off&#8220; button_two_border_width__hover_enabled=&#8220;off&#8220; button_border_color__hover_enabled=&#8220;off&#8220; button_one_border_color__hover_enabled=&#8220;off&#8220; button_two_border_color__hover_enabled=&#8220;off&#8220; button_border_radius__hover_enabled=&#8220;off&#8220; button_one_border_radius__hover_enabled=&#8220;off&#8220; button_two_border_radius__hover_enabled=&#8220;off&#8220; button_letter_spacing__hover_enabled=&#8220;off&#8220; button_one_letter_spacing__hover_enabled=&#8220;off&#8220; button_two_letter_spacing__hover_enabled=&#8220;off&#8220; button_bg_color__hover_enabled=&#8220;off&#8220; button_one_bg_color__hover_enabled=&#8220;off&#8220; button_two_bg_color__hover_enabled=&#8220;off&#8220;][\/et_pb_contact_field][et_pb_contact_field field_id=&#8220;Field_4&#8243; field_title=&#8220;Telefon&#8220; fullwidth_field=&#8220;on&#8220; _builder_version=&#8220;4.27.4&#8243; global_colors_info=&#8220;{}&#8220;][\/et_pb_contact_field][et_pb_contact_field field_id=&#8220;Message&#8220; field_title=&#8220;Zpr\u00e1va&#8220; field_type=&#8220;text&#8220; fullwidth_field=&#8220;on&#8220; _builder_version=&#8220;4.27.4&#8243; global_colors_info=&#8220;{}&#8220; button_text_size__hover_enabled=&#8220;off&#8220; button_one_text_size__hover_enabled=&#8220;off&#8220; button_two_text_size__hover_enabled=&#8220;off&#8220; button_text_color__hover_enabled=&#8220;off&#8220; button_one_text_color__hover_enabled=&#8220;off&#8220; button_two_text_color__hover_enabled=&#8220;off&#8220; button_border_width__hover_enabled=&#8220;off&#8220; button_one_border_width__hover_enabled=&#8220;off&#8220; button_two_border_width__hover_enabled=&#8220;off&#8220; button_border_color__hover_enabled=&#8220;off&#8220; button_one_border_color__hover_enabled=&#8220;off&#8220; button_two_border_color__hover_enabled=&#8220;off&#8220; button_border_radius__hover_enabled=&#8220;off&#8220; button_one_border_radius__hover_enabled=&#8220;off&#8220; button_two_border_radius__hover_enabled=&#8220;off&#8220; button_letter_spacing__hover_enabled=&#8220;off&#8220; button_one_letter_spacing__hover_enabled=&#8220;off&#8220; button_two_letter_spacing__hover_enabled=&#8220;off&#8220; button_bg_color__hover_enabled=&#8220;off&#8220; button_one_bg_color__hover_enabled=&#8220;off&#8220; button_two_bg_color__hover_enabled=&#8220;off&#8220;][\/et_pb_contact_field][\/et_pb_contact_form][\/et_pb_column][\/et_pb_row][\/et_pb_section][et_pb_section fb_built=&#8220;1&#8243; _builder_version=&#8220;4.16&#8243; custom_padding=&#8220;118px|||||&#8220; global_colors_info=&#8220;{}&#8220;][et_pb_row column_structure=&#8220;1_2,1_4,1_4&#8243; _builder_version=&#8220;4.16&#8243; global_colors_info=&#8220;{}&#8220;][et_pb_column type=&#8220;1_2&#8243; _builder_version=&#8220;4.16&#8243; custom_padding=&#8220;|||&#8220; global_colors_info=&#8220;{}&#8220; custom_padding__hover=&#8220;|||&#8220;][et_pb_image src=&#8220;https:\/\/zamekczocha.com\/wp-content\/uploads\/unnamed.webp&#8220; title_text=&#8220;unnamed&#8220; align_tablet=&#8220;center&#8220; align_phone=&#8220;&#8220; align_last_edited=&#8220;on|desktop&#8220; _builder_version=&#8220;4.27.4&#8243; global_colors_info=&#8220;{}&#8220;][\/et_pb_image][\/et_pb_column][et_pb_column type=&#8220;1_4&#8243; _builder_version=&#8220;4.16&#8243; custom_padding=&#8220;|||&#8220; global_colors_info=&#8220;{}&#8220; custom_padding__hover=&#8220;|||&#8220;][et_pb_text _builder_version=&#8220;4.19.4&#8243; width=&#8220;100%&#8220; custom_margin=&#8220;||||false|false&#8220; custom_padding=&#8220;|0px|||false|false&#8220; global_colors_info=&#8220;{}&#8220;]<\/p>\n<h2>Hrad Czocha<\/h2>\n<p>[\/et_pb_text][et_pb_text _builder_version=&#8220;4.19.4&#8243; width=&#8220;100%&#8220; custom_margin=&#8220;||||false|false&#8220; custom_padding=&#8220;|0px|||false|false&#8220; global_colors_info=&#8220;{}&#8220;]<\/p>\n<p>Sucha, 59-820 Le\u015bna<\/p>\n<p><strong>NIP:<\/strong> 7010302456<br \/><strong>REGON:<\/strong> 142990254<\/p>\n<p>e-mail: <a href=\"mailto:zamekczocha@rewita.pl\" target=\"_blank\" rel=\"noopener\">zamekczocha@rewita.pl<\/a><br \/>tel. <a href=\"tel:757211553\" target=\"_blank\" rel=\"noopener\">+48 (75) 721 15 53<\/a><br \/>tel. <a href=\"tel:693080769\" target=\"_blank\" rel=\"noopener\">693 080 769<\/a><\/p>\n<p>[\/et_pb_text][et_pb_text _builder_version=&#8220;4.27.4&#8243; width=&#8220;100%&#8220; custom_margin=&#8220;||||false|false&#8220; custom_padding=&#8220;|0px|||false|false&#8220; global_colors_info=&#8220;{}&#8220;]<\/p>\n<p style=\"font-weight: 400;\"><strong>AMW Rewita Sp. z o.o.<\/strong><br \/>Veden\u00ed<br \/>Zielone Zacisze 11B<br \/>03-294 Warszawa<\/p>\n<p>tel.<a href=\"tel:222709550\" target=\"_blank\" rel=\"noopener\"> +48 (22) 270 95 50<\/a><br \/>fax. +48 (22) 270 21 43<\/p>\n<p><strong><\/strong><\/p>\n<p>&nbsp;<\/p>\n<p>[\/et_pb_text][\/et_pb_column][et_pb_column type=&#8220;1_4&#8243; _builder_version=&#8220;4.16&#8243; custom_padding=&#8220;|||&#8220; global_colors_info=&#8220;{}&#8220; custom_padding__hover=&#8220;|||&#8220;][et_pb_image src=&#8220;https:\/\/zamekczocha.com\/wp-content\/uploads\/revita.jpg&#8220; url=&#8220;https:\/\/www.rewita.pl\/nasze-osrodki&#8220; url_new_window=&#8220;on&#8220; align_tablet=&#8220;center&#8220; align_phone=&#8220;&#8220; align_last_edited=&#8220;on|desktop&#8220; _builder_version=&#8220;4.27.4&#8243; hover_enabled=&#8220;0&#8243; global_colors_info=&#8220;{}&#8220; sticky_enabled=&#8220;0&#8243;][\/et_pb_image][\/et_pb_column][\/et_pb_row][et_pb_row _builder_version=&#8220;4.19.4&#8243; _module_preset=&#8220;default&#8220; global_colors_info=&#8220;{}&#8220;][et_pb_column type=&#8220;4_4&#8243; _builder_version=&#8220;4.19.4&#8243; _module_preset=&#8220;default&#8220; global_colors_info=&#8220;{}&#8220;][et_pb_text _builder_version=&#8220;4.19.4&#8243; _module_preset=&#8220;default&#8220; global_colors_info=&#8220;{}&#8220;]<\/p>\n<h3>Dojazd do Zamku Czocha<\/h3>\n<p>[\/et_pb_text][et_pb_text _builder_version=&#8220;4.19.4&#8243; _module_preset=&#8220;default&#8220; global_colors_info=&#8220;{}&#8220;]<\/p>\n<p>Zamek Czocha le\u017cy w miejscowo\u015bci Sucha w gminie Le\u015bna.<br \/>Podr\u00f3\u017c z Wroc\u0142awia (przez autostrad\u0119 A4 i DW364) zajmie oko\u0142o 2 godz., z Katowic (przez autostrad\u0119 A4) powinna zaj\u0105\u0107 mniej ni\u017c 4 godz., z Warszawy (przez drog\u0119 ekspresow\u0105 S8 i autostrad\u0119 A4) \u2013 ok. 5,5 godz., ze Szczecina oko\u0142o 4,5 godz.<br \/>Je\u017celi poruszacie si\u0119 komunikacj\u0105 publiczn\u0105, to z Gryfowa, Lubania, Le\u015bnej kursuj\u0105 autobusy i busy Izerskiej Komunikacji Autobusowej. Przy planowaniu podr\u00f3\u017cy sami najch\u0119tniej korzystamy z aplikacji podr\u00f3\u017cnik.pl podlinkowanej poni\u017cej.<br \/>Natomiast najbli\u017csza stacja kolejowa znajduje si\u0119 w Lubaniu i Gryfowie \u015al\u0105skim. W pobli\u017cu Zamku Czocha przebiega r\u00f3wnie\u017c szlak rowerowy.<br \/>Podr\u00f3\u017c poci\u0105giem \u2013 <a href=\"https:\/\/rozklad-pkp.pl\/\">https:\/\/rozklad-pkp.pl\/<\/a><br \/>Podr\u00f3\u017c autobusem \u2013 <a href=\"https:\/\/www.e-podroznik.pl\/\">https:\/\/www.e-podroznik.pl\/<\/a><\/p>\n<p>Do Zamku Czocha mo\u017cna dojecha\u0107 autobusami Izerskiej Komunikacji Autobusowej (IZERKA). Poni\u017cej rozk\u0142ad jazdy obowi\u0105zuj\u0105cy od 01.01.2023r.<\/p>\n<p>[\/et_pb_text][et_pb_text _builder_version=&#8220;4.27.4&#8243; _module_preset=&#8220;default&#8220; custom_margin=&#8220;||3px|||&#8220; global_colors_info=&#8220;{}&#8220;]<\/p>\n<p><span><b>1. Doprava z Prahy \u2192 Hrad Czocha<\/b><br \/><\/span><\/p>\n<p>[\/et_pb_text][et_pb_text _builder_version=&#8220;4.19.4&#8243; _module_preset=&#8220;default&#8220; custom_padding=&#8220;|||15px|false|false&#8220; global_colors_info=&#8220;{}&#8220;]<\/p>\n<p><span>Nejjednodu\u0161\u0161\u00ed a nejrychlej\u0161\u00ed trasa:<br \/><\/span><\/p>\n<ul>\n<li>Vyje\u010fte z Prahy na sever sm\u011brem na Liberec (d\u00e1lnice\/silnice E65\/D10 \u2192 D35).<br \/><span><\/span><\/li>\n<li>Za Libercem pokra\u010dujte sm\u011brem na Fr\u00fddlant a k polsk\u00e9mu hrani\u010dn\u00edmu p\u0159echodu.<br \/><span><\/span><\/li>\n<li>Na polsk\u00e9 stran\u011b sledujte sm\u011brovky na Le\u015bnou a d\u00e1l na hrad Czocha \u2013 odbo\u010dky jsou dob\u0159e zna\u010den\u00e9.<br \/><span><\/span><\/li>\n<\/ul>\n<p><span><b>\u010cas: cca 2 hodiny<\/b><\/span><\/p>\n<p>[\/et_pb_text][et_pb_text _builder_version=&#8220;4.27.4&#8243; _module_preset=&#8220;default&#8220; custom_margin=&#8220;||3px|||&#8220; global_colors_info=&#8220;{}&#8220;]<\/p>\n<p><span><b>2. Doprava z Brna \u2192 Hrad Czocha<\/b><br \/><\/span><\/p>\n<p>[\/et_pb_text][et_pb_text _builder_version=&#8220;4.19.4&#8243; _module_preset=&#8220;default&#8220; custom_padding=&#8220;|||15px|false|false&#8220; global_colors_info=&#8220;{}&#8220;]<\/p>\n<p><span>Nejlep\u0161\u00ed trasa nap\u0159\u00ed\u010d \u010ceskem:<br \/><\/span><\/p>\n<ul>\n<li>Vyje\u010fte z Brna po D1 sm\u011brem na Olomouc.<br \/><span><\/span><\/li>\n<li>Pot\u00e9 pokra\u010dujte sm\u011brem na Liberec (p\u0159es Hradec Kr\u00e1lov\u00e9, nebo variantn\u011b Olomouc\u2013Turnov).<br \/><span><\/span><\/li>\n<li>Z Liberce stejn\u011b jako u varianty z Prahy: Fr\u00fddlant \u2192 hranice \u2192 Le\u015bna \u2192 hrad Czocha.<br \/><span><\/span><\/li>\n<\/ul>\n<p><span><b>\u010cas: cca 3,5\u20134 hodiny<\/b><\/span><\/p>\n<p>[\/et_pb_text][et_pb_text _builder_version=&#8220;4.27.4&#8243; _module_preset=&#8220;default&#8220; global_colors_info=&#8220;{}&#8220;]<\/p>\n<p><span><b>3. Doprava z Ostravy \u2192 Hrad Czocha<\/b><br \/><\/span><\/p>\n<p>[\/et_pb_text][et_pb_text _builder_version=&#8220;4.27.4&#8243; _module_preset=&#8220;default&#8220; global_colors_info=&#8220;{}&#8220;]<\/p>\n<p><span>Trasa p\u0159es Olomouc a Liberec:<br \/><\/span><\/p>\n<ul>\n<li>Ostrava \u2192 D1 na Olomouc.<br \/><span><\/span><\/li>\n<li>D\u00e1le na severoz\u00e1pad sm\u011brem na Liberec (p\u0159es Turnov \u2192 Liberec).<br \/><span><\/span><\/li>\n<li>Od Liberce stejn\u011b jako v\u00fd\u0161e: Fr\u00fddlant \u2192 Polsko \u2192 Le\u015bna \u2192 hrad Czocha.<br \/><span><\/span><\/li>\n<\/ul>\n<p><span><b>\u010cas: cca 3\u20133,5 hodiny<\/b><\/span><\/p>\n<p>[\/et_pb_text][et_pb_text _builder_version=&#8220;4.27.4&#8243; _module_preset=&#8220;default&#8220; global_colors_info=&#8220;{}&#8220;]<\/p>\n<p><span><b>4. Doprava z Plzn\u011b \u2192 Hrad Czocha<\/b><br \/><\/span><\/p>\n<p>[\/et_pb_text][et_pb_text _builder_version=&#8220;4.27.4&#8243; _module_preset=&#8220;default&#8220; global_colors_info=&#8220;{}&#8220;]<\/p>\n<p><span>Nejp\u0159irozen\u011bj\u0161\u00ed trasa vede p\u0159es Prahu:<br \/><\/span><\/p>\n<ul>\n<li>Plze\u0148 \u2192 D5 do Prahy.<br \/><span><\/span><\/li>\n<li>Prahu projedete po obchvatu nebo p\u0159es m\u011bsto sm\u011brem na sever.<br \/><span><\/span><\/li>\n<li>Z Prahy pokra\u010dujete stejn\u011b jako v\u00fd\u0161e: Liberec \u2192 Fr\u00fddlant \u2192 hranice \u2192 Le\u015bna \u2192 hrad Czocha.<br \/><span><\/span><\/li>\n<\/ul>\n<p><span><b>\u010cas: cca 3,5\u20134 hodiny<\/b><\/span><\/p>\n<p>[\/et_pb_text][et_pb_text _builder_version=&#8220;4.27.4&#8243; _module_preset=&#8220;default&#8220; global_colors_info=&#8220;{}&#8220;]<\/p>\n<p><span><b>5. Doprava z Karlov\u00fdch Var\u016f \u2192 Hrad Czocha<\/b><br \/><\/span><\/p>\n<p>[\/et_pb_text][et_pb_text _builder_version=&#8220;4.27.4&#8243; _module_preset=&#8220;default&#8220; global_colors_info=&#8220;{}&#8220;]<\/p>\n<p><span>Trasa p\u0159es severn\u00ed \u010cechy:<br \/><\/span><\/p>\n<ul>\n<li>Karlovy Vary \u2192 Most \u2192 Litv\u00ednov \u2192 Teplice.<br \/><span><\/span><\/li>\n<li>D\u00e1le sm\u011brem na \u00dast\u00ed nad Labem a D\u011b\u010d\u00edn.<br \/><span><\/span><\/li>\n<li>Pot\u00e9 pokra\u010dujte sm\u011brem na Liberec.<br \/><span><\/span><\/li>\n<li>Z Liberce op\u011bt standardn\u011b: Fr\u00fddlant \u2192 Polsko \u2192 Le\u015bna \u2192 hrad Czocha.<br \/><span><\/span><\/li>\n<\/ul>\n<p><span><b>\u010cas: cca 3\u20133,5 hodiny<\/b><\/span><\/p>\n<p>[\/et_pb_text][et_pb_text _builder_version=&#8220;4.19.4&#8243; _module_preset=&#8220;default&#8220; custom_padding=&#8220;||0px|0px|false|false&#8220; global_colors_info=&#8220;{}&#8220;]<\/p>\n<p>D- kursuje od poniedzia\u0142ku do pi\u0105tku (opr\u00f3cz \u015bwi\u0105t)<br \/>C- kursuje w soboty, niedziele i \u015bwi\u0119ta<br \/>d- nie kursuje w dniu 01 stycze\u0144, w pierwszy i drugi dzie\u0144 \u015awi\u0105t Wielkanocnych oraz w dniach 25, 26 grudzie\u0144<br \/>E- kursuje codziennie<\/p>\n<p>Szczeg\u00f3\u0142owych informacji udziela firma PKS Voyager Luba\u0144 \u00a0obs\u0142uguj\u0105ce t\u0105 lini\u0119 &#8211; tel. <a href=\"tel:797409495\" target=\"_blank\" rel=\"noopener\">797 409 495<\/a>.<\/p>\n<p>[\/et_pb_text][\/et_pb_column][\/et_pb_row][\/et_pb_section]<\/p>\n","protected":false},"excerpt":{"rendered":"<p>Hrad CzochaSucha, 59-820 Le\u015bna NIP: 7010302456REGON: 142990254 e-mail: zamekczocha@rewita.pltel. +48 (75) 721 15 53tel. 693 080 769AMW Rewita Sp. z o.o.Veden\u00edZielone Zacisze 11B03-294 Warszawa tel. +48 (22) 270 95 50fax. +48 (22) 270 21 43 &nbsp;Dojazd do Zamku CzochaZamek Czocha le\u017cy w miejscowo\u015bci Sucha w gminie Le\u015bna.Podr\u00f3\u017c z Wroc\u0142awia (przez autostrad\u0119 A4 i DW364) zajmie [&hellip;]<\/p>\n","protected":false},"author":1,"featured_media":0,"parent":0,"menu_order":0,"comment_status":"closed","ping_status":"closed","template":"","meta":{"_acf_changed":false,"_et_pb_use_builder":"on","_et_pb_old_content":"","_et_gb_content_width":"","footnotes":""},"yst_prominent_words":[],"class_list":["post-3923","page","type-page","status-publish","hentry"],"acf":[],"_links":{"self":[{"href":"https:\/\/zamekczocha.com\/cs\/wp-json\/wp\/v2\/pages\/3923","targetHints":{"allow":["GET"]}}],"collection":[{"href":"https:\/\/zamekczocha.com\/cs\/wp-json\/wp\/v2\/pages"}],"about":[{"href":"https:\/\/zamekczocha.com\/cs\/wp-json\/wp\/v2\/types\/page"}],"author":[{"embeddable":true,"href":"https:\/\/zamekczocha.com\/cs\/wp-json\/wp\/v2\/users\/1"}],"replies":[{"embeddable":true,"href":"https:\/\/zamekczocha.com\/cs\/wp-json\/wp\/v2\/comments?post=3923"}],"version-history":[{"count":7,"href":"https:\/\/zamekczocha.com\/cs\/wp-json\/wp\/v2\/pages\/3923\/revisions"}],"predecessor-version":[{"id":4061,"href":"https:\/\/zamekczocha.com\/cs\/wp-json\/wp\/v2\/pages\/3923\/revisions\/4061"}],"wp:attachment":[{"href":"https:\/\/zamekczocha.com\/cs\/wp-json\/wp\/v2\/media?parent=3923"}],"wp:term":[{"taxonomy":"yst_prominent_words","embeddable":true,"href":"https:\/\/zamekczocha.com\/cs\/wp-json\/wp\/v2\/yst_prominent_words?post=3923"}],"curies":[{"name":"wp","href":"https:\/\/api.w.org\/{rel}","templated":true}]}}