{"id":3951,"date":"2019-01-05T15:05:48","date_gmt":"2019-01-05T14:05:48","guid":{"rendered":"https:\/\/zamekczocha.com\/konferencje\/"},"modified":"2025-11-18T09:28:33","modified_gmt":"2025-11-18T08:28:33","slug":"konference","status":"publish","type":"page","link":"https:\/\/zamekczocha.com\/cs\/konference\/","title":{"rendered":"Konference"},"content":{"rendered":"<p>[et_pb_section fb_built=&#8220;1&#8243; _builder_version=&#8220;4.16&#8243; global_colors_info=&#8220;{}&#8220;][et_pb_row _builder_version=&#8220;4.16&#8243; background_color=&#8220;#f6f6f6&#8243; custom_padding=&#8220;|30px||30px&#8220; global_colors_info=&#8220;{}&#8220;][et_pb_column type=&#8220;4_4&#8243; _builder_version=&#8220;4.16&#8243; custom_padding=&#8220;|||&#8220; global_colors_info=&#8220;{}&#8220; custom_padding__hover=&#8220;|||&#8220;][et_pb_text _builder_version=&#8220;4.27.4&#8243; global_colors_info=&#8220;{}&#8220;]<\/p>\n<h1>Stylov\u00e9 komnaty hradu Czocha jsou ide\u00e1ln\u00edm m\u00edstem pro \u0161kolen\u00ed a firemn\u00ed setk\u00e1n\u00ed.<\/h1>\n<p>[\/et_pb_text][et_pb_text _builder_version=&#8220;4.16&#8243; global_colors_info=&#8220;{}&#8220;]<\/p>\n<p>Historick\u00e9 zdi vytv\u00e1\u0159ej\u00ed atmosf\u00e9ru, kterou si \u00fa\u010dastn\u00edci budou dlouho pamatovat.<\/p>\n<p>[\/et_pb_text][\/et_pb_column][\/et_pb_row][et_pb_row _builder_version=&#8220;4.16&#8243; global_colors_info=&#8220;{}&#8220;][et_pb_column type=&#8220;4_4&#8243; _builder_version=&#8220;4.16&#8243; custom_padding=&#8220;|||&#8220; global_colors_info=&#8220;{}&#8220; custom_padding__hover=&#8220;|||&#8220;][et_pb_text _builder_version=&#8220;4.16&#8243; global_colors_info=&#8220;{}&#8220;]<\/p>\n<table>\n<thead>\n<tr>\n<th>Nzev<\/th>\n<th>Plocha (w m\u00b2)<\/th>\n<th>V\u00fd\u0161ka (w m\u00b2)<\/th>\n<th>Kino<\/th>\n<th>Podkova<\/th>\n<th>Banket<\/th>\n<th>\u0160koln\u00ed<\/th>\n<\/tr>\n<\/thead>\n<tbody>\n<tr>\n<td>Knihovna<\/td>\n<td>66<\/td>\n<td>4<\/td>\n<td>40<\/td>\n<td>20<\/td>\n<td>40<\/td>\n<td>30<\/td>\n<\/tr>\n<tr>\n<td>Salon Anny Marie<\/td>\n<td>73<\/td>\n<td>4<\/td>\n<td>60<\/td>\n<td>30<\/td>\n<td>50<\/td>\n<td>40<\/td>\n<\/tr>\n<tr>\n<td>Mramorov\u00e1<\/td>\n<td>140<\/td>\n<td>4<\/td>\n<td>140<\/td>\n<td>80<\/td>\n<td>120<\/td>\n<td>80<\/td>\n<\/tr>\n<tr>\n<td>Ryt\u00ed\u0159sk\u00e1<\/td>\n<td>126<\/td>\n<td>8<\/td>\n<td>200<\/td>\n<td>80<\/td>\n<td>140<\/td>\n<td>150<\/td>\n<\/tr>\n<\/tbody>\n<\/table>\n<p>[\/et_pb_text][\/et_pb_column][\/et_pb_row][et_pb_row column_structure=&#8220;1_2,1_2&#8243; _builder_version=&#8220;4.16&#8243; global_colors_info=&#8220;{}&#8220;][et_pb_column type=&#8220;1_2&#8243; _builder_version=&#8220;4.16&#8243; custom_padding=&#8220;|||&#8220; global_colors_info=&#8220;{}&#8220; custom_padding__hover=&#8220;|||&#8220;][et_pb_image src=&#8220;https:\/\/zamekczocha.com\/wp-content\/uploads\/maciejchyra_com-8.jpg&#8220; show_in_lightbox=&#8220;on&#8220; align_tablet=&#8220;center&#8220; align_phone=&#8220;&#8220; align_last_edited=&#8220;on|desktop&#8220; admin_label=&#8220;zdjecie restauracja uczta&#8220; _builder_version=&#8220;4.16&#8243; global_colors_info=&#8220;{}&#8220;][\/et_pb_image][\/et_pb_column][et_pb_column type=&#8220;1_2&#8243; _builder_version=&#8220;4.16&#8243; custom_padding=&#8220;|||&#8220; global_colors_info=&#8220;{}&#8220; custom_padding__hover=&#8220;|||&#8220;][et_pb_blurb title=&#8220;Konferen\u010dn\u00ed s\u00e1ly&#8220; admin_label=&#8220;Restauracja Uczta&#8220; _builder_version=&#8220;4.27.4&#8243; header_level=&#8220;h2&#8243; header_text_align=&#8220;center&#8220; text_orientation=&#8220;justified&#8220; global_colors_info=&#8220;{}&#8220;]<\/p>\n<p>K dispozici jsou:<br \/>\u2022 projektor<br \/>\u2022 pl\u00e1tno<br \/>\u2022 ozvu\u010den\u00ed<br \/>\u2022 TV<br \/>\u2022 flipchart<\/p>\n<p>[\/et_pb_blurb][\/et_pb_column][\/et_pb_row][et_pb_row column_structure=&#8220;1_2,1_2&#8243; _builder_version=&#8220;4.16&#8243; ab_subject=&#8220;on&#8220; ab_subject_id=&#8220;1&#8243; global_colors_info=&#8220;{}&#8220;][et_pb_column type=&#8220;1_2&#8243; _builder_version=&#8220;4.16&#8243; global_colors_info=&#8220;{}&#8220;][et_pb_gallery gallery_ids=&#8220;2204,2207&#8243; _builder_version=&#8220;4.16&#8243; custom_padding=&#8220;||0px|||&#8220; ab_goal=&#8220;on&#8220; global_colors_info=&#8220;{}&#8220;][\/et_pb_gallery][\/et_pb_column][et_pb_column type=&#8220;1_2&#8243; _builder_version=&#8220;4.16&#8243; global_colors_info=&#8220;{}&#8220;][et_pb_gallery gallery_ids=&#8220;2216,2225&#8243; _builder_version=&#8220;4.16&#8243; global_colors_info=&#8220;{}&#8220;][\/et_pb_gallery][\/et_pb_column][\/et_pb_row][et_pb_row column_structure=&#8220;1_2,1_2&#8243; _builder_version=&#8220;4.16&#8243; ab_subject=&#8220;on&#8220; ab_subject_id=&#8220;2&#8243; global_colors_info=&#8220;{}&#8220;][et_pb_column type=&#8220;1_2&#8243; _builder_version=&#8220;4.16&#8243; global_colors_info=&#8220;{}&#8220;][et_pb_gallery gallery_ids=&#8220;2193,2196&#8243; _builder_version=&#8220;4.16&#8243; ab_goal=&#8220;on&#8220; global_colors_info=&#8220;{}&#8220;][\/et_pb_gallery][\/et_pb_column][et_pb_column type=&#8220;1_2&#8243; _builder_version=&#8220;4.16&#8243; global_colors_info=&#8220;{}&#8220;][\/et_pb_column][\/et_pb_row][et_pb_row disabled_on=&#8220;on|on|on&#8220; _builder_version=&#8220;4.16&#8243; disabled=&#8220;on&#8220; global_colors_info=&#8220;{}&#8220;][et_pb_column type=&#8220;4_4&#8243; _builder_version=&#8220;4.16&#8243; custom_padding=&#8220;|||&#8220; global_colors_info=&#8220;{}&#8220; custom_padding__hover=&#8220;|||&#8220;][et_pb_text disabled_on=&#8220;off|off|off&#8220; _builder_version=&#8220;4.16&#8243; global_colors_info=&#8220;{}&#8220;]<\/p>\n<h2>Formularz<\/h2>\n<p>[\/et_pb_text][\/et_pb_column][\/et_pb_row][\/et_pb_section]<\/p>\n","protected":false},"excerpt":{"rendered":"<p>Stylov\u00e9 komnaty hradu Czocha jsou ide\u00e1ln\u00edm m\u00edstem pro \u0161kolen\u00ed a firemn\u00ed setk\u00e1n\u00ed.Historick\u00e9 zdi vytv\u00e1\u0159ej\u00ed atmosf\u00e9ru, kterou si \u00fa\u010dastn\u00edci budou dlouho pamatovat. Nzev Plocha (w m\u00b2) V\u00fd\u0161ka (w m\u00b2) Kino Podkova Banket \u0160koln\u00ed Knihovna 66 4 40 20 40 30 Salon Anny Marie 73 4 60 30 50 40 Mramorov\u00e1 140 4 140 80 120 80 [&hellip;]<\/p>\n","protected":false},"author":7,"featured_media":0,"parent":0,"menu_order":0,"comment_status":"closed","ping_status":"closed","template":"","meta":{"_acf_changed":false,"_et_pb_use_builder":"on","_et_pb_old_content":"","_et_gb_content_width":"","footnotes":""},"yst_prominent_words":[],"class_list":["post-3951","page","type-page","status-publish","hentry"],"acf":[],"_links":{"self":[{"href":"https:\/\/zamekczocha.com\/cs\/wp-json\/wp\/v2\/pages\/3951","targetHints":{"allow":["GET"]}}],"collection":[{"href":"https:\/\/zamekczocha.com\/cs\/wp-json\/wp\/v2\/pages"}],"about":[{"href":"https:\/\/zamekczocha.com\/cs\/wp-json\/wp\/v2\/types\/page"}],"author":[{"embeddable":true,"href":"https:\/\/zamekczocha.com\/cs\/wp-json\/wp\/v2\/users\/7"}],"replies":[{"embeddable":true,"href":"https:\/\/zamekczocha.com\/cs\/wp-json\/wp\/v2\/comments?post=3951"}],"version-history":[{"count":8,"href":"https:\/\/zamekczocha.com\/cs\/wp-json\/wp\/v2\/pages\/3951\/revisions"}],"predecessor-version":[{"id":4019,"href":"https:\/\/zamekczocha.com\/cs\/wp-json\/wp\/v2\/pages\/3951\/revisions\/4019"}],"wp:attachment":[{"href":"https:\/\/zamekczocha.com\/cs\/wp-json\/wp\/v2\/media?parent=3951"}],"wp:term":[{"taxonomy":"yst_prominent_words","embeddable":true,"href":"https:\/\/zamekczocha.com\/cs\/wp-json\/wp\/v2\/yst_prominent_words?post=3951"}],"curies":[{"name":"wp","href":"https:\/\/api.w.org\/{rel}","templated":true}]}}