{"id":4313,"date":"2018-12-19T23:06:16","date_gmt":"2018-12-19T22:06:16","guid":{"rendered":"https:\/\/zamekczocha.com\/imprezy-okolicznosciowe\/"},"modified":"2026-05-11T13:58:37","modified_gmt":"2026-05-11T11:58:37","slug":"slavnostni-akce","status":"publish","type":"page","link":"https:\/\/zamekczocha.com\/cs\/slavnostni-akce\/","title":{"rendered":"Slavnostn\u00ed akce"},"content":{"rendered":"<p>[et_pb_section fb_built=&#8220;1&#8243; _builder_version=&#8220;4.16&#8243; global_colors_info=&#8220;{}&#8220;][et_pb_row column_structure=&#8220;1_2,1_2&#8243; _builder_version=&#8220;4.16&#8243; background_color=&#8220;#f6f6f6&#8243; global_colors_info=&#8220;{}&#8220;][et_pb_column type=&#8220;1_2&#8243; _builder_version=&#8220;4.16&#8243; custom_padding=&#8220;|||&#8220; global_colors_info=&#8220;{}&#8220; custom_padding__hover=&#8220;|||&#8220;][et_pb_gallery gallery_ids=&#8220;4334,4330,4329,4331&#8243; fullwidth=&#8220;on&#8220; _builder_version=&#8220;4.16&#8243; global_colors_info=&#8220;{}&#8220;][\/et_pb_gallery][\/et_pb_column][et_pb_column type=&#8220;1_2&#8243; _builder_version=&#8220;4.16&#8243; custom_padding=&#8220;|||&#8220; global_colors_info=&#8220;{}&#8220; custom_padding__hover=&#8220;|||&#8220;][et_pb_blurb title=&#8220;Svatby&#8220; admin_label=&#8220;Wesela&#8220; _builder_version=&#8220;4.16&#8243; header_level=&#8220;h2&#8243; header_text_align=&#8220;center&#8220; text_orientation=&#8220;justified&#8220; custom_padding=&#8220;|30px||&#8220; global_colors_info=&#8220;{}&#8220;]<\/p>\n<p><span>St\u0159edov\u011bk\u00e1 pevnost nach\u00e1zej\u00edc\u00ed se na skaln\u00edm v\u00fdb\u011b\u017eku nad b\u0159ehem jezera je vysn\u011bn\u00fdm m\u00edstem pro uspo\u0159\u00e1d\u00e1n\u00ed svatebn\u00ed hostiny. S ohledem na chut\u011b host\u016f doporu\u010duje \u0161\u00e9fkucha\u0159 v\u00fdjime\u010dn\u00e9 pokrmy tradi\u010dn\u00ed polsk\u00e9 kuchyn\u011b. Ve stylov\u00fdch z\u00e1meck\u00fdch s\u00e1lech si vychutn\u00e1te lahodn\u00e1 j\u00eddla p\u0159ipravovan\u00e1 na uhlov\u00e9 kuchyni.<\/span><\/p>\n<p><span>K dispozici jsou n\u00e1sleduj\u00edc\u00ed svatebn\u00ed prostory:<\/span><\/p>\n<ul>\n<li><span style=\"font-size: 14px;\"><span>Mramorov\u00fd s\u00e1l \u2013 100 m\u00edst<\/span><\/span><\/li>\n<li><span style=\"font-size: 14px;\"><span>Knihovna \u2013 30 m\u00edst<\/span><\/span><\/li>\n<li><span style=\"font-size: 14px;\"><span>Restaurace \u2013 40 m\u00edst<\/span><\/span><\/li>\n<li><span>Ryt\u00ed\u0159sk\u00fd s\u00e1l \u2013 jako tane\u010dn\u00ed s\u00e1l<\/span><\/li>\n<\/ul>\n<p><span>Zveme V\u00e1s ke kontaktu s recepc\u00ed.<\/span><\/p>\n<p><span><\/span><\/p>\n<p><span><\/span><\/p>\n<p>[\/et_pb_blurb][et_pb_button button_url=&#8220;https:\/\/zamekczocha.com\/imprezy-okolicznosciowe\/oferta-weselna-zamku-czocha\/&#8220; button_text=&#8220;Zobacz ofert\u0119&#8220; module_class=&#8220;btn_blue&#8220; _builder_version=&#8220;4.16&#8243; global_colors_info=&#8220;{}&#8220;][\/et_pb_button][\/et_pb_column][\/et_pb_row][et_pb_row column_structure=&#8220;1_2,1_2&#8243; _builder_version=&#8220;4.16&#8243; global_colors_info=&#8220;{}&#8220;][et_pb_column type=&#8220;1_2&#8243; _builder_version=&#8220;4.16&#8243; custom_padding=&#8220;|||&#8220; global_colors_info=&#8220;{}&#8220; custom_padding__hover=&#8220;|||&#8220;][et_pb_blurb title=&#8220;Prvn\u00ed svat\u00e9 p\u0159ij\u00edm\u00e1n\u00ed&#8220; admin_label=&#8220;Komunie&#8220; _builder_version=&#8220;4.27.6&#8243; header_level=&#8220;h2&#8243; header_text_align=&#8220;center&#8220; text_orientation=&#8220;justified&#8220; global_colors_info=&#8220;{}&#8220;]<\/p>\n<p><span>Oslava prvn\u00edho svat\u00e9ho p\u0159ij\u00edm\u00e1n\u00ed je pro ka\u017ed\u00e9 d\u00edt\u011b v\u00fdjime\u010dn\u00fdm z\u00e1\u017eitkem. Nab\u00edz\u00edme V\u00e1m uspo\u0159\u00e1d\u00e1n\u00ed t\u00e9to mimo\u0159\u00e1dn\u00e9 slavnosti v kouzeln\u00e9m Zamku Czocha.<\/span><\/p>\n<p><span>Elegance, dobr\u00fd vkus a p\u0159\u00edjemn\u00e1 atmosf\u00e9ra tvo\u0159\u00ed jedine\u010dnost n\u00e1mi po\u0159\u00e1dan\u00fdch oslav. P\u0159ednost\u00ed na\u0161ich hostin je chutn\u00e1 tradi\u010dn\u00ed kuchyn\u011b.<\/span><\/p>\n<p><span>K dispozici jsou s\u00e1ly:<\/span><\/p>\n<ul>\n<li><span role=\"presentation\">Mramorov\u00fd s\u00e1l \u2013 100 m\u00edst<\/span><\/li>\n<li><span role=\"presentation\">Knihovna \u2013 30 m\u00edst<\/span><\/li>\n<li><span role=\"presentation\">Restaurace \u2013 40 m\u00edst<\/span><\/li>\n<li><span role=\"presentation\">Mal\u00e1 restaurace \u2013 20 m\u00edst<\/span><\/li>\n<\/ul>\n<p><span>Zveme V\u00e1s ke kontaktu s recepc\u00ed.<\/span><\/p>\n<ul><\/ul>\n<p>[\/et_pb_blurb][et_pb_button button_url=&#8220;https:\/\/zamekczocha.com\/imprezy-okolicznosciowe\/komunia-w-zamku-czocha\/&#8220; button_text=&#8220;Zobacz ofert\u0119&#8220; module_class=&#8220;btn_blue&#8220; _builder_version=&#8220;4.16&#8243; global_colors_info=&#8220;{}&#8220;][\/et_pb_button][\/et_pb_column][et_pb_column type=&#8220;1_2&#8243; _builder_version=&#8220;4.16&#8243; custom_padding=&#8220;|||&#8220; global_colors_info=&#8220;{}&#8220; custom_padding__hover=&#8220;|||&#8220;][et_pb_image src=&#8220;https:\/\/zamekczocha.com\/wp-content\/uploads\/komunia.jpg&#8220; show_in_lightbox=&#8220;on&#8220; align_tablet=&#8220;center&#8220; align_phone=&#8220;&#8220; align_last_edited=&#8220;on|desktop&#8220; _builder_version=&#8220;4.16&#8243; global_colors_info=&#8220;{}&#8220;][\/et_pb_image][\/et_pb_column][\/et_pb_row][et_pb_row column_structure=&#8220;1_2,1_2&#8243; _builder_version=&#8220;4.16&#8243; background_color=&#8220;#f6f6f6&#8243; global_colors_info=&#8220;{}&#8220;][et_pb_column type=&#8220;1_2&#8243; _builder_version=&#8220;4.16&#8243; custom_padding=&#8220;|||&#8220; global_colors_info=&#8220;{}&#8220; custom_padding__hover=&#8220;|||&#8220;][et_pb_image src=&#8220;https:\/\/zamekczocha.com\/wp-content\/uploads\/chrzest.jpg&#8220; show_in_lightbox=&#8220;on&#8220; align_tablet=&#8220;center&#8220; align_phone=&#8220;&#8220; align_last_edited=&#8220;on|desktop&#8220; _builder_version=&#8220;4.16&#8243; global_colors_info=&#8220;{}&#8220;][\/et_pb_image][\/et_pb_column][et_pb_column type=&#8220;1_2&#8243; _builder_version=&#8220;4.16&#8243; custom_padding=&#8220;20px|20px|20px|20px&#8220; global_colors_info=&#8220;{}&#8220; custom_padding__hover=&#8220;|||&#8220;][et_pb_blurb title=&#8220;K\u0159tiny&#8220; admin_label=&#8220;Chrzciny&#8220; _builder_version=&#8220;4.16&#8243; header_level=&#8220;h2&#8243; header_text_align=&#8220;center&#8220; text_orientation=&#8220;justified&#8220; global_colors_info=&#8220;{}&#8220;]<\/p>\n<p><span>Nejlep\u0161\u00ed p\u0159\u00edle\u017eitost\u00ed p\u0159edstavit rodin\u011b nov\u00e9ho mal\u00e9ho \u010dlena je k\u0159est. Stoj\u00ed za to zajistit, aby se oslava po t\u00e9to v\u00fdjime\u010dn\u00e9 ud\u00e1losti konala na m\u00edst\u011b, kter\u00e9 V\u00e1m p\u0159inese mnoho nezapomenuteln\u00fdch vzpom\u00ednek a Va\u0161i host\u00e9 si tento den dlouho zapamatuj\u00ed.<\/span><\/p>\n<p><span>K dispozici jsou s\u00e1ly:<\/span><\/p>\n<ul>\n<li><span role=\"presentation\">Mramorov\u00fd s\u00e1l \u2013 100 m\u00edst<\/span><\/li>\n<li><span role=\"presentation\">Knihovna \u2013 30 m\u00edst<\/span><\/li>\n<li><span role=\"presentation\">Restaurace \u2013 40 m\u00edst<\/span><\/li>\n<li><span role=\"presentation\">Mal\u00e1 restaurace \u2013 20 m\u00edst<\/span><\/li>\n<\/ul>\n<p><span>Zveme V\u00e1s ke kontaktu s recepc\u00ed.<\/span><\/p>\n<ul><\/ul>\n<p>[\/et_pb_blurb][et_pb_button button_url=&#8220;https:\/\/zamekczocha.com\/imprezy-okolicznosciowe\/chrzciny-w-zamku-czocha\/&#8220; button_text=&#8220;Zobacz ofert\u0119&#8220; module_class=&#8220;btn_blue&#8220; _builder_version=&#8220;4.16&#8243; global_colors_info=&#8220;{}&#8220;][\/et_pb_button][\/et_pb_column][\/et_pb_row][et_pb_row column_structure=&#8220;1_2,1_2&#8243; _builder_version=&#8220;4.16&#8243; global_colors_info=&#8220;{}&#8220;][et_pb_column type=&#8220;1_2&#8243; _builder_version=&#8220;4.16&#8243; custom_padding=&#8220;|||&#8220; global_colors_info=&#8220;{}&#8220; custom_padding__hover=&#8220;|||&#8220;][et_pb_blurb title=&#8220;\u0160koly v p\u0159\u00edrod\u011b, letn\u00ed t\u00e1bory a zimn\u00ed pobyty&#8220; admin_label=&#8220;Zielone szko\u0142y i inne dla szk\u00f3\u0142&#8220; _builder_version=&#8220;4.16&#8243; header_level=&#8220;h2&#8243; header_text_align=&#8220;center&#8220; text_orientation=&#8220;justified&#8220; global_colors_info=&#8220;{}&#8220;]<\/p>\n<p><span>Kouzeln\u00fd Z\u00e1mek Czocha je m\u00edstem velmi obl\u00edben\u00fdm mezi nejmlad\u0161\u00edmi n\u00e1v\u0161t\u011bvn\u00edky. Pro \u0161koln\u00ed skupiny jsme vytvo\u0159ili nab\u00eddku, d\u00edky n\u00ed\u017e se d\u011bti budou v na\u0161em z\u00e1mku c\u00edtit jako ve \u0161kole \u010darod\u011bj\u016f. Seznamte se tak\u00e9 s nab\u00eddkou letn\u00edch t\u00e1bor\u016f a zimn\u00edch pobyt\u016f na Zamku Czocha.<\/span><\/p>\n<p><span>Zveme V\u00e1s ke kontaktu s recepc\u00ed.<\/span><\/p>\n<p>[\/et_pb_blurb][et_pb_button button_url=&#8220;https:\/\/zamekczocha.com\/imprezy-okolicznosciowe\/zielone-szkoly-w-zamku-czocha\/&#8220; button_text=&#8220;Zobacz ofert\u0119&#8220; module_class=&#8220;btn_blue&#8220; _builder_version=&#8220;4.16&#8243; global_colors_info=&#8220;{}&#8220;][\/et_pb_button][\/et_pb_column][et_pb_column type=&#8220;1_2&#8243; _builder_version=&#8220;4.16&#8243; custom_padding=&#8220;|||&#8220; global_colors_info=&#8220;{}&#8220; custom_padding__hover=&#8220;|||&#8220;][et_pb_image src=&#8220;https:\/\/zamekczocha.com\/wp-content\/uploads\/46734529_s.jpg&#8220; show_in_lightbox=&#8220;on&#8220; align_tablet=&#8220;center&#8220; align_phone=&#8220;&#8220; align_last_edited=&#8220;on|desktop&#8220; _builder_version=&#8220;4.16&#8243; global_colors_info=&#8220;{}&#8220;][\/et_pb_image][\/et_pb_column][\/et_pb_row][\/et_pb_section]<\/p>\n","protected":false},"excerpt":{"rendered":"<p>St\u0159edov\u011bk\u00e1 pevnost nach\u00e1zej\u00edc\u00ed se na skaln\u00edm v\u00fdb\u011b\u017eku nad b\u0159ehem jezera je vysn\u011bn\u00fdm m\u00edstem pro uspo\u0159\u00e1d\u00e1n\u00ed svatebn\u00ed hostiny. S ohledem na chut\u011b host\u016f doporu\u010duje \u0161\u00e9fkucha\u0159 v\u00fdjime\u010dn\u00e9 pokrmy tradi\u010dn\u00ed polsk\u00e9 kuchyn\u011b. Ve stylov\u00fdch z\u00e1meck\u00fdch s\u00e1lech si vychutn\u00e1te lahodn\u00e1 j\u00eddla p\u0159ipravovan\u00e1 na uhlov\u00e9 kuchyni. K dispozici jsou n\u00e1sleduj\u00edc\u00ed svatebn\u00ed prostory: Mramorov\u00fd s\u00e1l \u2013 100 m\u00edst Knihovna \u2013 30 [&hellip;]<\/p>\n","protected":false},"author":1,"featured_media":0,"parent":0,"menu_order":0,"comment_status":"closed","ping_status":"closed","template":"","meta":{"_acf_changed":false,"_et_pb_use_builder":"on","_et_pb_old_content":"","_et_gb_content_width":"","footnotes":""},"yst_prominent_words":[],"class_list":["post-4313","page","type-page","status-publish","hentry"],"acf":[],"_links":{"self":[{"href":"https:\/\/zamekczocha.com\/cs\/wp-json\/wp\/v2\/pages\/4313","targetHints":{"allow":["GET"]}}],"collection":[{"href":"https:\/\/zamekczocha.com\/cs\/wp-json\/wp\/v2\/pages"}],"about":[{"href":"https:\/\/zamekczocha.com\/cs\/wp-json\/wp\/v2\/types\/page"}],"author":[{"embeddable":true,"href":"https:\/\/zamekczocha.com\/cs\/wp-json\/wp\/v2\/users\/1"}],"replies":[{"embeddable":true,"href":"https:\/\/zamekczocha.com\/cs\/wp-json\/wp\/v2\/comments?post=4313"}],"version-history":[{"count":8,"href":"https:\/\/zamekczocha.com\/cs\/wp-json\/wp\/v2\/pages\/4313\/revisions"}],"predecessor-version":[{"id":4346,"href":"https:\/\/zamekczocha.com\/cs\/wp-json\/wp\/v2\/pages\/4313\/revisions\/4346"}],"wp:attachment":[{"href":"https:\/\/zamekczocha.com\/cs\/wp-json\/wp\/v2\/media?parent=4313"}],"wp:term":[{"taxonomy":"yst_prominent_words","embeddable":true,"href":"https:\/\/zamekczocha.com\/cs\/wp-json\/wp\/v2\/yst_prominent_words?post=4313"}],"curies":[{"name":"wp","href":"https:\/\/api.w.org\/{rel}","templated":true}]}}