{"id":2018,"date":"2020-02-06T23:44:47","date_gmt":"2020-02-06T22:44:47","guid":{"rendered":"https:\/\/zamekczocha.com\/heiraten-auf-burg-tzschocha\/"},"modified":"2026-02-05T15:05:34","modified_gmt":"2026-02-05T14:05:34","slug":"heiraten-auf-burg-tzschocha","status":"publish","type":"page","link":"https:\/\/zamekczocha.com\/de\/gelegentliche-ereignisse\/heiraten-auf-burg-tzschocha\/","title":{"rendered":"Heiraten auf Burg Tzschocha"},"content":{"rendered":"<p>[et_pb_section fb_built=&#8220;1&#8243; _builder_version=&#8220;4.16&#8243; global_colors_info=&#8220;{}&#8220;][et_pb_row _builder_version=&#8220;4.16&#8243; global_colors_info=&#8220;{}&#8220;][et_pb_column type=&#8220;4_4&#8243; _builder_version=&#8220;4.16&#8243; custom_padding=&#8220;|||&#8220; global_colors_info=&#8220;{}&#8220; custom_padding__hover=&#8220;|||&#8220;][et_pb_text _builder_version=&#8220;4.16&#8243; global_colors_info=&#8220;{}&#8220;]<\/p>\n<h1>Heiraten auf Burg Tzschocha<\/h1>\n<p>&nbsp;<\/p>\n<p>[\/et_pb_text][\/et_pb_column][\/et_pb_row][\/et_pb_section][et_pb_section fb_built=&#8220;1&#8243; _builder_version=&#8220;4.16&#8243; background_color=&#8220;#f6f6f6&#8243; global_colors_info=&#8220;{}&#8220;][et_pb_row _builder_version=&#8220;4.16&#8243; background_color=&#8220;#f6f6f6&#8243; global_colors_info=&#8220;{}&#8220; column_structure=&#8220;3_5,2_5&#8243;][et_pb_column type=&#8220;3_5&#8243; _builder_version=&#8220;4.16&#8243; custom_padding=&#8220;|||&#8220; global_colors_info=&#8220;{}&#8220; custom_padding__hover=&#8220;|||&#8220;][et_pb_text _builder_version=&#8220;4.16&#8243; global_colors_info=&#8220;{}&#8220;]<\/p>\n<p style=\"text-align: justify;\">Die mittelalterliche H\u00f6henburg auf einem Felsvorsprung am Seeufer ist der perfekte Ort f\u00fcr Ihre Traumhochzeit. F\u00fcr den Gaumen sorgt unser Chefkoch, der Spezialit\u00e4ten der traditionellen polnischen K\u00fcche empfiehlt. In geschmackvoller Atmosph\u00e4re des historischen Gem\u00e4uers werden Sie leckere Gerichte zu sich nehmen, die wir f\u00fcr Sie im Kohleofen zubereiten.<\/p>\n<p>F\u00fcr Ihre Hochzeitsfeier stehen vier R\u00e4ume zu Ihrer Verf\u00fcgung:<\/p>\n<ul>\n<li>Marmorsaal \u2013 f\u00fcr <strong>100<\/strong> G\u00e4ste<\/li>\n<li>Bibliothek \u2013 f\u00fcr <strong>30<\/strong> G\u00e4ste<\/li>\n<li>Restaurant \u2013 f\u00fcr <strong>40<\/strong> G\u00e4ste<\/li>\n<li>Rittersaal  \u2013 als Ballsaal<\/li>\n<\/ul>\n<p>[\/et_pb_text][\/et_pb_column][et_pb_column type=&#8220;2_5&#8243; _builder_version=&#8220;4.16&#8243; custom_padding=&#8220;|||&#8220; global_colors_info=&#8220;{}&#8220; custom_padding__hover=&#8220;|||&#8220;][et_pb_image src=&#8220;https:\/\/zamekczocha.com\/wp-content\/uploads\/wesela.jpg&#8220; align_tablet=&#8220;center&#8220; align_last_edited=&#8220;on|desktop&#8220; _builder_version=&#8220;4.16&#8243; global_colors_info=&#8220;{}&#8220; align_phone=&#8220;center&#8220;][\/et_pb_image][\/et_pb_column][\/et_pb_row][\/et_pb_section][et_pb_section fb_built=&#8220;1&#8243; _builder_version=&#8220;4.16&#8243; global_colors_info=&#8220;{}&#8220;][et_pb_row _builder_version=&#8220;4.16&#8243; global_colors_info=&#8220;{}&#8220; column_structure=&#8220;1_3,2_3&#8243;][et_pb_column type=&#8220;1_3&#8243; _builder_version=&#8220;4.16&#8243; custom_padding=&#8220;|||&#8220; global_colors_info=&#8220;{}&#8220; custom_padding__hover=&#8220;|||&#8220;][et_pb_image src=&#8220;https:\/\/zamekczocha.com\/wp-content\/uploads\/wesele.jpg&#8220; align_tablet=&#8220;center&#8220; align_last_edited=&#8220;on|desktop&#8220; _builder_version=&#8220;4.16&#8243; global_colors_info=&#8220;{}&#8220; align_phone=&#8220;center&#8220;][\/et_pb_image][\/et_pb_column][et_pb_column type=&#8220;2_3&#8243; _builder_version=&#8220;4.16&#8243; custom_padding=&#8220;|||&#8220; global_colors_info=&#8220;{}&#8220; custom_padding__hover=&#8220;|||&#8220;][et_pb_text _builder_version=&#8220;4.16&#8243; global_colors_info=&#8220;{}&#8220;]<\/p>\n<p><b>Die Kosten f\u00fcr die Organisation der Hochzeitsfeier umfassen:<\/b><\/p>\n<p><b>Men\u00fc:<\/b><\/p>\n<ul>\n<li style=\"font-weight: 400;\" aria-level=\"1\"><span style=\"font-weight: 400;\">470,00 PLN pro Person (Rittermen\u00fc),<\/span><\/li>\n<li style=\"font-weight: 400;\" aria-level=\"1\"><span style=\"font-weight: 400;\">550,00 PLN pro Person (K\u00f6nigsmen\u00fc)<\/span><\/li>\n<\/ul>\n<p><b>\u00dcbernachtung mit Fr\u00fchst\u00fcck:<\/b><span style=\"font-weight: 400;\"> ab 220,00 PLN pro Person und Nacht (der Preis ist abh\u00e4ngig vom Termin).<\/span><\/p>\n<p><span style=\"font-weight: 400;\">In jeder Variante bieten wir den feierlichen Empfang mit Brot und Salz sowie Sekt an.<\/span><span style=\"font-weight: 400;\"><br \/><\/span><span style=\"font-weight: 400;\">Im Men\u00fcpreis sind warme Getr\u00e4nke (Kaffee und Tee) sowie kalte Getr\u00e4nke enthalten: Wasser 0,2 l\/Person, Fruchtsaft 0,2 l\/Person, Fanta 0,2 l\/Person, Coca-Cola 0,2 l\/Person, Sprite 0,2 l\/Person.<\/span><\/p>\n<p><b>Im Men\u00fcpreis nicht enthalten sind:<\/b><\/p>\n<ul>\n<li style=\"font-weight: 400;\" aria-level=\"1\"><span style=\"font-weight: 400;\">alkoholische Getr\u00e4nke,<\/span><\/li>\n<li style=\"font-weight: 400;\" aria-level=\"1\"><span style=\"font-weight: 400;\">Kuchen.<\/span><\/li>\n<\/ul>\n<p><b>Zus\u00e4tzlich buchbar:<\/b><\/p>\n<ul>\n<li style=\"font-weight: 400;\" aria-level=\"1\"><span style=\"font-weight: 400;\">gebratenes Spanferkel mit Buchweizen nach altpolnischer Art,<\/span><\/li>\n<li style=\"font-weight: 400;\" aria-level=\"1\"><span style=\"font-weight: 400;\">traditionelle R\u00e4ucherei \u2013 ger\u00e4ucherte Wurstwaren, Schmalz, eingelegte Gurken, Brotlaibe,<\/span><\/li>\n<li style=\"font-weight: 400;\" aria-level=\"1\"><span style=\"font-weight: 400;\">Attraktionen f\u00fcr die G\u00e4ste.<\/span><\/li>\n<\/ul>\n<p><b>Wir freuen uns auf Ihre Kontaktaufnahme!<\/b><\/p>\n<p>[\/et_pb_text][\/et_pb_column][\/et_pb_row][\/et_pb_section]<\/p>\n","protected":false},"excerpt":{"rendered":"<p>Heiraten auf Burg Tzschocha &nbsp;Die mittelalterliche H\u00f6henburg auf einem Felsvorsprung am Seeufer ist der perfekte Ort f\u00fcr Ihre Traumhochzeit. F\u00fcr den Gaumen sorgt unser Chefkoch, der Spezialit\u00e4ten der traditionellen polnischen K\u00fcche empfiehlt. In geschmackvoller Atmosph\u00e4re des historischen Gem\u00e4uers werden Sie leckere Gerichte zu sich nehmen, die wir f\u00fcr Sie im Kohleofen zubereiten. F\u00fcr Ihre Hochzeitsfeier [&hellip;]<\/p>\n","protected":false},"author":7,"featured_media":0,"parent":2062,"menu_order":0,"comment_status":"closed","ping_status":"closed","template":"","meta":{"_acf_changed":false,"_et_pb_use_builder":"on","_et_pb_old_content":"","_et_gb_content_width":"","footnotes":""},"yst_prominent_words":[],"class_list":["post-2018","page","type-page","status-publish","hentry"],"acf":[],"_links":{"self":[{"href":"https:\/\/zamekczocha.com\/de\/wp-json\/wp\/v2\/pages\/2018","targetHints":{"allow":["GET"]}}],"collection":[{"href":"https:\/\/zamekczocha.com\/de\/wp-json\/wp\/v2\/pages"}],"about":[{"href":"https:\/\/zamekczocha.com\/de\/wp-json\/wp\/v2\/types\/page"}],"author":[{"embeddable":true,"href":"https:\/\/zamekczocha.com\/de\/wp-json\/wp\/v2\/users\/7"}],"replies":[{"embeddable":true,"href":"https:\/\/zamekczocha.com\/de\/wp-json\/wp\/v2\/comments?post=2018"}],"version-history":[{"count":1,"href":"https:\/\/zamekczocha.com\/de\/wp-json\/wp\/v2\/pages\/2018\/revisions"}],"predecessor-version":[{"id":4108,"href":"https:\/\/zamekczocha.com\/de\/wp-json\/wp\/v2\/pages\/2018\/revisions\/4108"}],"up":[{"embeddable":true,"href":"https:\/\/zamekczocha.com\/de\/wp-json\/wp\/v2\/pages\/2062"}],"wp:attachment":[{"href":"https:\/\/zamekczocha.com\/de\/wp-json\/wp\/v2\/media?parent=2018"}],"wp:term":[{"taxonomy":"yst_prominent_words","embeddable":true,"href":"https:\/\/zamekczocha.com\/de\/wp-json\/wp\/v2\/yst_prominent_words?post=2018"}],"curies":[{"name":"wp","href":"https:\/\/api.w.org\/{rel}","templated":true}]}}