{"id":2040,"date":"2020-02-09T17:18:24","date_gmt":"2020-02-09T16:18:24","guid":{"rendered":"https:\/\/zamekczocha.com\/zuhause\/"},"modified":"2024-10-15T21:45:06","modified_gmt":"2024-10-15T19:45:06","slug":"zuhause","status":"publish","type":"page","link":"https:\/\/zamekczocha.com\/de\/","title":{"rendered":"Zuhause"},"content":{"rendered":"<p>[et_pb_section fb_built=&#8220;1&#8243; module_class=&#8220;home_banner&#8220; _builder_version=&#8220;4.16&#8243; background_image=&#8220;https:\/\/zamekczocha.com\/wp-content\/uploads\/Zamek-Czocha-wiosna.jpg&#8220; custom_padding=&#8220;40px||40px||false|false&#8220; global_colors_info=&#8220;{}&#8220;][et_pb_row _builder_version=&#8220;4.16&#8243; global_colors_info=&#8220;{}&#8220;][et_pb_column type=&#8220;4_4&#8243; _builder_version=&#8220;4.16&#8243; custom_padding=&#8220;|||&#8220; global_colors_info=&#8220;{}&#8220; custom_padding__hover=&#8220;|||&#8220;][et_pb_code _builder_version=&#8220;4.16&#8243; global_colors_info=&#8220;{}&#8220;]    <script src=\"\/\/wis.upperbooking.com\/zamekczocha\/booking?locale=de\" async><\/script>\n  [\/et_pb_code][\/et_pb_column][\/et_pb_row][et_pb_row _builder_version=&#8220;4.16&#8243; global_colors_info=&#8220;{}&#8220;][et_pb_column type=&#8220;4_4&#8243; _builder_version=&#8220;4.16&#8243; custom_padding=&#8220;|||&#8220; global_colors_info=&#8220;{}&#8220; custom_padding__hover=&#8220;|||&#8220;][et_pb_text _builder_version=&#8220;4.16&#8243; text_font=&#8220;||||||||&#8220; background_color=&#8220;rgba(100,100,100,0.5)&#8220; custom_padding=&#8220;15px|15px|1px|15px&#8220; text_text_shadow_style=&#8220;preset1&#8243; text_text_shadow_color=&#8220;#000000&#8243; global_colors_info=&#8220;{}&#8220;]<\/p>\n<h2><span style=\"font-size: 36px;\">Dies ist einer der wenigen Orte in Polen, an denen die Vergangenheit mit der Zukunft verbunden ist.<\/span><\/h2>\n<p>Wir laden alle Liebhaber der Geschichte und der aktiven Freizeitgestaltung herzlich ein.[\/et_pb_text][et_pb_button button_url=&#8220;https:\/\/zamekczocha.com\/de\/besichtigung\/&#8220; button_text=&#8220; Finde mehr heraus&#8220; module_class=&#8220;btn_white&#8220; _builder_version=&#8220;4.16&#8243; global_colors_info=&#8220;{}&#8220;]<br \/>\n[\/et_pb_button][\/et_pb_column][\/et_pb_row][\/et_pb_section][et_pb_section fb_built=&#8220;1&#8243; module_class=&#8220;home__header__reservation&#8220; _builder_version=&#8220;4.16&#8243; global_colors_info=&#8220;{}&#8220;][\/et_pb_section][et_pb_section fb_built=&#8220;1&#8243; module_class=&#8220;home__first_section&#8220; _builder_version=&#8220;4.16&#8243; global_colors_info=&#8220;{}&#8220;][et_pb_row _builder_version=&#8220;4.16&#8243; global_colors_info=&#8220;{}&#8220;][et_pb_column type=&#8220;4_4&#8243; _builder_version=&#8220;4.16&#8243; custom_padding=&#8220;|||&#8220; global_colors_info=&#8220;{}&#8220; custom_padding__hover=&#8220;|||&#8220;][et_pb_code module_class=&#8220;distinguishing__line&#8220; _builder_version=&#8220;4.16&#8243; global_colors_info=&#8220;{}&#8220;][\/et_pb_code][\/et_pb_column][\/et_pb_row][et_pb_row column_structure=&#8220;1_5,3_5,1_5&#8243; _builder_version=&#8220;4.16&#8243; global_colors_info=&#8220;{}&#8220;][et_pb_column type=&#8220;1_5&#8243; _builder_version=&#8220;4.16&#8243; custom_padding=&#8220;|||&#8220; global_colors_info=&#8220;{}&#8220; custom_padding__hover=&#8220;|||&#8220;][\/et_pb_column][et_pb_column type=&#8220;3_5&#8243; _builder_version=&#8220;4.16&#8243; custom_padding=&#8220;|||&#8220; global_colors_info=&#8220;{}&#8220; custom_padding__hover=&#8220;|||&#8220;][et_pb_text _builder_version=&#8220;4.16&#8243; custom_padding=&#8220;32px|||14px||&#8220; global_colors_info=&#8220;{}&#8220;][\/et_pb_text][\/et_pb_column][et_pb_column type=&#8220;1_5&#8243; _builder_version=&#8220;4.16&#8243; custom_padding=&#8220;|||&#8220; global_colors_info=&#8220;{}&#8220; custom_padding__hover=&#8220;|||&#8220;][\/et_pb_column][\/et_pb_row][et_pb_row _builder_version=&#8220;4.16&#8243; global_colors_info=&#8220;{}&#8220;][et_pb_column type=&#8220;4_4&#8243; _builder_version=&#8220;4.16&#8243; custom_padding=&#8220;|||&#8220; global_colors_info=&#8220;{}&#8220; custom_padding__hover=&#8220;|||&#8220;][et_pb_code module_class=&#8220;distinguishing__line&#8220; _builder_version=&#8220;4.16&#8243; global_colors_info=&#8220;{}&#8220;][\/et_pb_code][\/et_pb_column][\/et_pb_row][\/et_pb_section][et_pb_section fb_built=&#8220;1&#8243; module_class=&#8220;home__second_section&#8220; _builder_version=&#8220;4.16&#8243; global_colors_info=&#8220;{}&#8220;][\/et_pb_section][et_pb_section fb_built=&#8220;1&#8243; _builder_version=&#8220;4.16&#8243; global_colors_info=&#8220;{}&#8220;][et_pb_row column_structure=&#8220;2_3,1_3&#8243; make_equal=&#8220;on&#8220; _builder_version=&#8220;4.16&#8243; global_colors_info=&#8220;{}&#8220;][et_pb_column type=&#8220;2_3&#8243; _builder_version=&#8220;4.16&#8243; custom_padding=&#8220;|||&#8220; global_colors_info=&#8220;{}&#8220; custom_padding__hover=&#8220;|||&#8220;][et_pb_image src=&#8220;https:\/\/zamekczocha.com\/wp-content\/uploads\/zwiedzanie-zamku.jpg&#8220; align_tablet=&#8220;center&#8220; align_phone=&#8220;&#8220; align_last_edited=&#8220;on|desktop&#8220; _builder_version=&#8220;4.16&#8243; global_colors_info=&#8220;{}&#8220;][\/et_pb_image][\/et_pb_column][et_pb_column type=&#8220;1_3&#8243; _builder_version=&#8220;4.16&#8243; background_color=&#8220;#f6f6f6&#8243; custom_padding=&#8220;30px|30px|30px|30px&#8220; global_colors_info=&#8220;{}&#8220; custom_padding__hover=&#8220;|||&#8220;][et_pb_text _builder_version=&#8220;4.16&#8243; header_font=&#8220;EB Garamond|700|||||||&#8220; header_text_color=&#8220;#787b80&#8243; header_font_size=&#8220;50px&#8220; header_2_font=&#8220;Cormorant Garamond|600|||||||&#8220; header_2_text_color=&#8220;#787b80&#8243; header_2_font_size=&#8220;36px&#8220; global_colors_info=&#8220;{}&#8220;]<\/p>\n<h2>Besichtigung der Burg Tzschocha<\/h2>\n<p>[\/et_pb_text][et_pb_text _builder_version=&#8220;4.16&#8243; background_color=&#8220;#f6f6f6&#8243; global_colors_info=&#8220;{}&#8220;]<\/p>\n<p style=\"text-align: justify;\">Wir laden alle Liebhaber der Geschichte sowie Fans von Geheimnissen und Legenden ein, die Burg mit einer F\u00fchrung zu besichtigen.<\/p>\n<p style=\"text-align: justify;\">Die Atmosph\u00e4re des Geheimnisvollen wird Ihre Reise zu einem unvergesslichen Erlebnis machen. Geheimg\u00e4nge, stilvolle Burggem\u00e4cher, ungew\u00f6hnliche Ausstellungen &#8230; <\/p>\n<p>[\/et_pb_text][et_pb_button button_url=&#8220;https:\/\/zamekczocha.com\/de\/besichtigung\/&#8220; button_text=&#8220; Finde mehr heraus&#8220; module_class=&#8220;btn_blue&#8220; _builder_version=&#8220;4.16&#8243; global_colors_info=&#8220;{}&#8220;]<br \/>\n[\/et_pb_button][\/et_pb_column][\/et_pb_row][\/et_pb_section][et_pb_section fb_built=&#8220;1&#8243; module_class=&#8220;home_promotion_slider&#8220; _builder_version=&#8220;4.16&#8243; hover_transition_delay=&#8220;50ms&#8220; global_colors_info=&#8220;{}&#8220;][et_pb_row _builder_version=&#8220;4.16&#8243; background_size=&#8220;initial&#8220; background_position=&#8220;top_left&#8220; background_repeat=&#8220;repeat&#8220; global_colors_info=&#8220;{}&#8220;][et_pb_column type=&#8220;4_4&#8243; _builder_version=&#8220;4.16&#8243; custom_padding=&#8220;|||&#8220; global_colors_info=&#8220;{}&#8220; custom_padding__hover=&#8220;|||&#8220;][et_pb_text _builder_version=&#8220;4.16&#8243; global_colors_info=&#8220;{}&#8220;]<div class=\"promotion_nav_container\"><h2 class=\"promotion_nav_headline\">Sonderangebote<\/h2><ul class=\"promotion_nav\"><li class=\"promotion_nav\" ><a href=\"#0\" class=\"active\">Voucher podarunkowy Zamek Czocha<\/a><\/li><li class=\"promotion_nav\" ><a href=\"#1\" class=\"\">Oferta dla Szk\u00f3\u0142<\/a><\/li><li class=\"promotion_nav\" ><a href=\"#2\" class=\"\">Romantyczny pobyt<\/a><\/li><\/ul><\/div><div class=\"promotion_content_container owl-carousel owl-theme\"><div class=\"promotion_content_item\" data-hash=\"0\" style=\"background:url(https:\/\/zamekczocha.com\/wp-content\/uploads\/Wielki.png); background-repeat: no-repeat; background-size: cover; background-position: center;\"><a href=\"https:\/\/zamekczocha.com\/de\/promocja\/podarunkowy\/\"><h3 class=\"promotion_content_item_headline\"><\/h3><div class=\"et_pb_button_module_wrapper et_pb_button_0_wrapper et_pb_button_alignment_ et_pb_module \"><span class=\"promotion_content_item_btn et_pb_button et_pb_button_0 btn_white et_pb_bg_layout_light\">Finde mehr heraus<\/span><\/div><\/a><\/div><div class=\"promotion_content_item\" data-hash=\"1\" style=\"background:url(https:\/\/zamekczocha.com\/wp-content\/uploads\/325553137_2985781861727718_7119939808848335406_n.jpg); background-repeat: no-repeat; background-size: cover; background-position: center;\"><a href=\"https:\/\/zamekczocha.com\/de\/promocja\/oferta-dla-szkol\/\"><h3 class=\"promotion_content_item_headline\"><\/h3><div class=\"et_pb_button_module_wrapper et_pb_button_0_wrapper et_pb_button_alignment_ et_pb_module \"><span class=\"promotion_content_item_btn et_pb_button et_pb_button_0 btn_white et_pb_bg_layout_light\">Finde mehr heraus<\/span><\/div><\/a><\/div><div class=\"promotion_content_item\" data-hash=\"2\" style=\"background:url(https:\/\/zamekczocha.com\/wp-content\/uploads\/romantyczny-pobyt.jpg); background-repeat: no-repeat; background-size: cover; background-position: center;\"><a href=\"https:\/\/zamekczocha.com\/de\/promocja\/romantyczny-pobyt\/\"><h3 class=\"promotion_content_item_headline\">Romantyczny pobyt<\/h3><div class=\"et_pb_button_module_wrapper et_pb_button_0_wrapper et_pb_button_alignment_ et_pb_module \"><span class=\"promotion_content_item_btn et_pb_button et_pb_button_0 btn_white et_pb_bg_layout_light\">Finde mehr heraus<\/span><\/div><\/a><\/div><\/div><br \/>\n[\/et_pb_text][\/et_pb_column][\/et_pb_row][\/et_pb_section][et_pb_section fb_built=&#8220;1&#8243; _builder_version=&#8220;4.16&#8243; global_colors_info=&#8220;{}&#8220;][et_pb_row column_structure=&#8220;2_3,1_3&#8243; make_equal=&#8220;on&#8220; _builder_version=&#8220;4.16&#8243; global_colors_info=&#8220;{}&#8220;][et_pb_column type=&#8220;2_3&#8243; _builder_version=&#8220;4.16&#8243; custom_padding=&#8220;|||&#8220; global_colors_info=&#8220;{}&#8220; custom_padding__hover=&#8220;|||&#8220;][et_pb_image src=&#8220;https:\/\/zamekczocha.com\/wp-content\/uploads\/restauracja2-1.jpg&#8220; align_tablet=&#8220;center&#8220; align_phone=&#8220;&#8220; align_last_edited=&#8220;on|desktop&#8220; _builder_version=&#8220;4.16&#8243; global_colors_info=&#8220;{}&#8220;][\/et_pb_image][\/et_pb_column][et_pb_column type=&#8220;1_3&#8243; _builder_version=&#8220;4.16&#8243; background_color=&#8220;#f6f6f6&#8243; custom_padding=&#8220;30px|30px|30px|30px&#8220; global_colors_info=&#8220;{}&#8220; custom_padding__hover=&#8220;|||&#8220;][et_pb_text _builder_version=&#8220;4.16&#8243; header_font=&#8220;EB Garamond|700|||||||&#8220; header_text_color=&#8220;#787b80&#8243; header_font_size=&#8220;50px&#8220; header_2_font=&#8220;Cormorant Garamond|600|||||||&#8220; header_2_text_color=&#8220;#787b80&#8243; header_2_font_size=&#8220;36px&#8220; global_colors_info=&#8220;{}&#8220;]<\/p>\n<h2>Burgrestaurant<\/h2>\n<p>[\/et_pb_text][et_pb_text _builder_version=&#8220;4.16&#8243; background_color=&#8220;#f6f6f6&#8243; global_colors_info=&#8220;{}&#8220;]<\/p>\n<p style=\"text-align: justify;\">Das Restaurant serviert Ihnen ein reichhaltiges Fr\u00fchst\u00fccksbuffet und andere ausgew\u00e4hlte Gerichte \u00e0 la carte. K\u00f6che, die sich auf polnische K\u00fcche spezialisiert haben, werden auch die anspruchsvollsten G\u00e4ste zufriedenstellen.<\/p>\n<p>[\/et_pb_text][et_pb_button button_text=&#8220;Pobierz menu&#8220; disabled_on=&#8220;on|on|on&#8220; module_class=&#8220;btn_blue&#8220; _builder_version=&#8220;4.16&#8243; disabled=&#8220;on&#8220; global_colors_info=&#8220;{}&#8220;]<br \/>\n[\/et_pb_button][\/et_pb_column][\/et_pb_row][\/et_pb_section][et_pb_section fb_built=&#8220;1&#8243; module_class=&#8220;home_attraction&#8220; _builder_version=&#8220;4.16&#8243; global_colors_info=&#8220;{}&#8220;][et_pb_row _builder_version=&#8220;4.16&#8243; background_size=&#8220;initial&#8220; background_position=&#8220;top_left&#8220; background_repeat=&#8220;repeat&#8220; global_colors_info=&#8220;{}&#8220;][et_pb_column type=&#8220;4_4&#8243; _builder_version=&#8220;4.16&#8243; custom_padding=&#8220;|||&#8220; global_colors_info=&#8220;{}&#8220; custom_padding__hover=&#8220;|||&#8220;][et_pb_text _builder_version=&#8220;4.16&#8243; global_colors_info=&#8220;{}&#8220;]<\/p>\n<h2>Sehensw\u00fcrdigkeiten<\/h2>\n<p><div class=\"attraction_container\"><a href=\"https:\/\/zamekczocha.com\/de\/atrakcje\/besichtigung-der-burg-tzschocha\/\" class=\"attraction_single\"><div ><img decoding=\"async\" src=\"https:\/\/zamekczocha.com\/wp-content\/uploads\/009.jpg\" alt=\"Besichtigung der Burg Tzschocha\" class=\"attraction_single_images\"><p class=\"attraction_single_date\">T\u00e4glich<\/p><p class=\"attraction_single_title\">Besichtigung der Burg Tzschocha<\/p><\/div><\/a><\/div>[\/et_pb_text][\/et_pb_column][\/et_pb_row][\/et_pb_section][et_pb_section fb_built=&#8220;1&#8243; module_class=&#8220;home_banner home_banner_footer&#8220; _builder_version=&#8220;4.16&#8243; background_image=&#8220;https:\/\/zamekczocha.com\/wp-content\/uploads\/zamek_czocha_com.jpg&#8220; global_colors_info=&#8220;{}&#8220;][et_pb_row _builder_version=&#8220;4.16&#8243; global_colors_info=&#8220;{}&#8220;][et_pb_column type=&#8220;4_4&#8243; _builder_version=&#8220;4.16&#8243; custom_padding=&#8220;|||&#8220; global_colors_info=&#8220;{}&#8220; custom_padding__hover=&#8220;|||&#8220;][et_pb_text _builder_version=&#8220;4.16&#8243; global_colors_info=&#8220;{}&#8220;]<\/p>\n<h2>Dies ist einer der wenigen<br \/>\nOrte in Polen, an denen<br \/>\ndie Vergangenheit mit der Zukunft verbunden ist.<\/h2>\n<p>Wir laden alle Liebhaber der Geschichte und der aktiven Freizeitgestaltung herzlich ein.[\/et_pb_text][et_pb_button button_url=&#8220;https:\/\/zamekczocha.com\/de\/besichtigung\/&#8220; button_text=&#8220; Finde mehr heraus&#8220; module_class=&#8220;btn_white&#8220; _builder_version=&#8220;4.16&#8243; global_colors_info=&#8220;{}&#8220;]<br \/>\n[\/et_pb_button][\/et_pb_column][\/et_pb_row][\/et_pb_section]<\/p>\n","protected":false},"excerpt":{"rendered":"<p>[et_pb_section fb_built=&#8220;1&#8243; module_class=&#8220;home_banner&#8220; _builder_version=&#8220;4.16&#8243; background_image=&#8220;https:\/\/zamekczocha.com\/wp-content\/uploads\/Zamek-Czocha-wiosna.jpg&#8220; custom_padding=&#8220;40px||40px||false|false&#8220; global_colors_info=&#8220;{}&#8220;][et_pb_row _builder_version=&#8220;4.16&#8243; global_colors_info=&#8220;{}&#8220;][et_pb_column type=&#8220;4_4&#8243; _builder_version=&#8220;4.16&#8243; custom_padding=&#8220;|||&#8220; global_colors_info=&#8220;{}&#8220; custom_padding__hover=&#8220;|||&#8220;][et_pb_code _builder_version=&#8220;4.16&#8243; global_colors_info=&#8220;{}&#8220;][\/et_pb_code][\/et_pb_column][\/et_pb_row][et_pb_row _builder_version=&#8220;4.16&#8243; global_colors_info=&#8220;{}&#8220;][et_pb_column type=&#8220;4_4&#8243; _builder_version=&#8220;4.16&#8243; custom_padding=&#8220;|||&#8220; global_colors_info=&#8220;{}&#8220; custom_padding__hover=&#8220;|||&#8220;][et_pb_text _builder_version=&#8220;4.16&#8243; text_font=&#8220;||||||||&#8220; background_color=&#8220;rgba(100,100,100,0.5)&#8220; custom_padding=&#8220;15px|15px|1px|15px&#8220; text_text_shadow_style=&#8220;preset1&#8243; text_text_shadow_color=&#8220;#000000&#8243; global_colors_info=&#8220;{}&#8220;] Dies ist einer der wenigen Orte in Polen, an denen die Vergangenheit mit der Zukunft verbunden ist. Wir laden alle Liebhaber der Geschichte und der [&hellip;]<\/p>\n","protected":false},"author":1,"featured_media":0,"parent":0,"menu_order":0,"comment_status":"closed","ping_status":"closed","template":"","meta":{"_acf_changed":false,"_et_pb_use_builder":"on","_et_pb_old_content":"","_et_gb_content_width":"","footnotes":""},"yst_prominent_words":[],"class_list":["post-2040","page","type-page","status-publish","hentry"],"acf":[],"_links":{"self":[{"href":"https:\/\/zamekczocha.com\/de\/wp-json\/wp\/v2\/pages\/2040","targetHints":{"allow":["GET"]}}],"collection":[{"href":"https:\/\/zamekczocha.com\/de\/wp-json\/wp\/v2\/pages"}],"about":[{"href":"https:\/\/zamekczocha.com\/de\/wp-json\/wp\/v2\/types\/page"}],"author":[{"embeddable":true,"href":"https:\/\/zamekczocha.com\/de\/wp-json\/wp\/v2\/users\/1"}],"replies":[{"embeddable":true,"href":"https:\/\/zamekczocha.com\/de\/wp-json\/wp\/v2\/comments?post=2040"}],"version-history":[{"count":1,"href":"https:\/\/zamekczocha.com\/de\/wp-json\/wp\/v2\/pages\/2040\/revisions"}],"predecessor-version":[{"id":3340,"href":"https:\/\/zamekczocha.com\/de\/wp-json\/wp\/v2\/pages\/2040\/revisions\/3340"}],"wp:attachment":[{"href":"https:\/\/zamekczocha.com\/de\/wp-json\/wp\/v2\/media?parent=2040"}],"wp:term":[{"taxonomy":"yst_prominent_words","embeddable":true,"href":"https:\/\/zamekczocha.com\/de\/wp-json\/wp\/v2\/yst_prominent_words?post=2040"}],"curies":[{"name":"wp","href":"https:\/\/api.w.org\/{rel}","templated":true}]}}