{"id":2064,"date":"2020-02-09T19:49:15","date_gmt":"2020-02-09T18:49:15","guid":{"rendered":"https:\/\/zamekczocha.com\/the-rooms\/"},"modified":"2026-02-24T09:41:49","modified_gmt":"2026-02-24T08:41:49","slug":"the-rooms","status":"publish","type":"page","link":"https:\/\/zamekczocha.com\/en\/the-rooms\/","title":{"rendered":"The rooms"},"content":{"rendered":"<p>[et_pb_section fb_built=&#8221;1&#8243; _builder_version=&#8221;4.16&#8243; global_colors_info=&#8221;{}&#8221;][et_pb_row column_structure=&#8221;1_2,1_2&#8243; _builder_version=&#8221;4.16&#8243; global_colors_info=&#8221;{}&#8221;][et_pb_column type=&#8221;1_2&#8243; _builder_version=&#8221;4.16&#8243; custom_padding=&#8221;|||&#8221; global_colors_info=&#8221;{}&#8221; custom_padding__hover=&#8221;|||&#8221;][et_pb_image src=&#8221;https:\/\/zamekczocha.com\/wp-content\/uploads\/glowne.jpg&#8221; title_text=&#8221;g\u0142owne&#8221; show_in_lightbox=&#8221;on&#8221; align_tablet=&#8221;center&#8221; align_phone=&#8221;center&#8221; align_last_edited=&#8221;on|desktop&#8221; _builder_version=&#8221;4.27.4&#8243; global_colors_info=&#8221;{}&#8221;]<br \/>\n[\/et_pb_image][\/et_pb_column][et_pb_column type=&#8221;1_2&#8243; _builder_version=&#8221;4.16&#8243; custom_padding=&#8221;|||&#8221; global_colors_info=&#8221;{}&#8221; custom_padding__hover=&#8221;|||&#8221;][et_pb_blurb title=&#8221;The rooms&#8221; admin_label=&#8221;Pokoje&#8221; _builder_version=&#8221;4.16&#8243; header_level=&#8221;h2&#8243; header_text_align=&#8221;center&#8221; text_orientation=&#8221;justified&#8221; global_colors_info=&#8221;{}&#8221;]<\/p>\n<p>Czocha Castle offers three standards of rooms in which you can relax after an eventful day. Depending on your preferences, you can choose a standard, economy or superior class room.<\/p>\n<p>In addition to this, the Castle has <strong>7 special rooms \u2013 themed rooms<\/strong>, which will delight even the most demanding of our guests.<\/p>\n<p>The castle rooms are suitable for both <strong>individual guests and large, organised groups<\/strong>. It offers rooms up to 3 and 4 persons.<\/p>\n<p>All rooms are equipped with guest comfort in mind. However, due to its historic character, <strong>Czocha Castle has 10 rooms without bathrooms.<\/strong> Their lack is compensated by ever clean and hygienic showers in the corridor.<\/p>\n<p>&nbsp;<\/p>\n<p><strong>Room Price List: <a href=\"https:\/\/zamekczocha.com\/wp-content\/uploads\/CENNIK-POKOI-2026.pdf\">Room Rates \u2013 Czocha Castle<\/a><\/strong><\/p>\n<p>&nbsp;<\/p>\n<p>[\/et_pb_blurb][\/et_pb_column][\/et_pb_row][et_pb_row column_structure=&#8221;1_3,1_3,1_3&#8243; _builder_version=&#8221;4.16&#8243; global_colors_info=&#8221;{}&#8221;][et_pb_column type=&#8221;1_3&#8243; _builder_version=&#8221;4.16&#8243; custom_padding=&#8221;|||&#8221; global_colors_info=&#8221;{}&#8221; custom_padding__hover=&#8221;|||&#8221;][et_pb_text admin_label=&#8221;Pokoje standard&#8221; _builder_version=&#8221;4.16&#8243; global_colors_info=&#8221;{}&#8221;]<\/p>\n<table>\n<thead>\n<tr>\n<th colspan=\"2\">STANDARD ROOMS<\/th>\n<\/tr>\n<\/thead>\n<tbody>\n<tr>\n<td>1-person<\/td>\n<td>3 rooms<\/td>\n<\/tr>\n<tr>\n<td>2-person (twin)<\/td>\n<td>12 rooms<\/td>\n<\/tr>\n<tr>\n<td>3-person<\/td>\n<td>8 rooms<\/td>\n<\/tr>\n<tr>\n<td>4-person<\/td>\n<td>2 rooms<\/td>\n<\/tr>\n<\/tbody>\n<\/table>\n<p>[\/et_pb_text][\/et_pb_column][et_pb_column type=&#8221;1_3&#8243; _builder_version=&#8221;4.16&#8243; custom_padding=&#8221;|||&#8221; global_colors_info=&#8221;{}&#8221; custom_padding__hover=&#8221;|||&#8221;][et_pb_text admin_label=&#8221;Pokoje economy&#8221; _builder_version=&#8221;4.16&#8243; global_colors_info=&#8221;{}&#8221;]<\/p>\n<table>\n<thead>\n<tr>\n<th colspan=\"2\">ECONOMY ROOMS<\/th>\n<\/tr>\n<\/thead>\n<tbody>\n<tr>\n<td>2-person (twin)<\/td>\n<td>1 rooms<\/td>\n<\/tr>\n<tr>\n<td>3-person<\/td>\n<td>1 rooms<\/td>\n<\/tr>\n<tr>\n<td>4-person<\/td>\n<td>3 rooms<\/td>\n<\/tr>\n<\/tbody>\n<\/table>\n<p>[\/et_pb_text][\/et_pb_column][et_pb_column type=&#8221;1_3&#8243; _builder_version=&#8221;4.16&#8243; custom_padding=&#8221;|||&#8221; global_colors_info=&#8221;{}&#8221; custom_padding__hover=&#8221;|||&#8221;][et_pb_text admin_label=&#8221;Pokoje superior&#8221; _builder_version=&#8221;4.16&#8243; global_colors_info=&#8221;{}&#8221;]<\/p>\n<table>\n<thead>\n<tr>\n<th colspan=\"2\">SUPEPRIOR CLASS ROOMS<\/th>\n<\/tr>\n<\/thead>\n<tbody>\n<tr>\n<td>2-person (double)<\/td>\n<td>2 rooms<\/td>\n<\/tr>\n<tr>\n<td>3-person<\/td>\n<td>4 rooms<\/td>\n<\/tr>\n<tr>\n<td>4-person<\/td>\n<td>2 rooms<\/td>\n<\/tr>\n<\/tbody>\n<\/table>\n<p>[\/et_pb_text][\/et_pb_column][\/et_pb_row][\/et_pb_section][et_pb_section fb_built=&#8221;1&#8243; admin_label=&#8221;Pokoje specjalne&#8221; module_id=&#8221;pokoje-tematyczne&#8221; _builder_version=&#8221;4.16&#8243; collapsed=&#8221;off&#8221; global_colors_info=&#8221;{}&#8221;][et_pb_row _builder_version=&#8221;4.16&#8243; collapsed=&#8221;off&#8221; global_colors_info=&#8221;{}&#8221;][et_pb_column type=&#8221;4_4&#8243; _builder_version=&#8221;4.16&#8243; custom_padding=&#8221;|||&#8221; global_colors_info=&#8221;{}&#8221; custom_padding__hover=&#8221;|||&#8221;][et_pb_text admin_label=&#8221;Pokoje specjalne&#8221; _builder_version=&#8221;4.16&#8243; global_colors_info=&#8221;{}&#8221;]<\/p>\n<h1 style=\"text-align: left;\">Themed rooms<\/h1>\n<p>[\/et_pb_text][et_pb_text admin_label=&#8221;Opis Pokoje specjalne&#8221; _builder_version=&#8221;4.16&#8243; global_colors_info=&#8221;{}&#8221;]<\/p>\n<p style=\"text-align: left;\">The unique character of the Czocha Castle is evidenced by seven special rooms, referring to historical or &#8230; literary figures important for the castle. Some of them reflect the atmosphere of the fortified residence of the nobility, others serve to reinforce the passion for travel. All of them will make some lasting memories.<\/p>\n<p>[\/et_pb_text][\/et_pb_column][\/et_pb_row][et_pb_row column_structure=&#8221;1_4,1_4,1_4,1_4&#8243; make_equal=&#8221;on&#8221; module_class=&#8221;box-z-podtytulem pokoje&#8221; _builder_version=&#8221;4.16&#8243; global_colors_info=&#8221;{}&#8221;][et_pb_column type=&#8221;1_4&#8243; _builder_version=&#8221;4.16&#8243; background_color=&#8221;#043a78&#8243; custom_padding=&#8221;|||&#8221; global_colors_info=&#8221;{}&#8221; custom_padding__hover=&#8221;|||&#8221;][et_pb_image src=&#8221;https:\/\/zamekczocha.com\/wp-content\/uploads\/pokoj-Anny-Marii-r4.jpg&#8221; title_text=&#8221;pok\u00f3j Anny Marii r4&#8243; show_in_lightbox=&#8221;on&#8221; align_tablet=&#8221;center&#8221; align_phone=&#8221;center&#8221; align_last_edited=&#8221;on|desktop&#8221; _builder_version=&#8221;4.27.4&#8243; global_colors_info=&#8221;{}&#8221;][\/et_pb_image][et_pb_text admin_label=&#8221;Pok\u00f3j Ch\u0142opca Czarodzieja&#8221; _builder_version=&#8221;4.16&#8243; custom_padding=&#8221;|10px||10px&#8221; global_colors_info=&#8221;{}&#8221;]<\/p>\n<h3><span style=\"color: #ffffff;\">Anna Maria&#8217;s Room<\/span><\/h3>\n<p>[\/et_pb_text][\/et_pb_column][et_pb_column type=&#8221;1_4&#8243; _builder_version=&#8221;4.16&#8243; background_color=&#8221;#043a78&#8243; custom_padding=&#8221;|||&#8221; global_colors_info=&#8221;{}&#8221; custom_padding__hover=&#8221;|||&#8221;][et_pb_image src=&#8221;https:\/\/zamekczocha.com\/wp-content\/uploads\/pokoj-kasztelana-2-scaled.jpg&#8221; title_text=&#8221;pok\u00f3j kasztelana&#8221; show_in_lightbox=&#8221;on&#8221; align_tablet=&#8221;center&#8221; align_phone=&#8221;center&#8221; align_last_edited=&#8221;on|desktop&#8221; _builder_version=&#8221;4.27.4&#8243; global_colors_info=&#8221;{}&#8221;][\/et_pb_image][et_pb_text admin_label=&#8221;Apartament Ernesta G\u00fctschowa&#8221; _builder_version=&#8221;4.16&#8243; custom_padding=&#8221;|10px||10px&#8221; global_colors_info=&#8221;{}&#8221;]<\/p>\n<h3><span style=\"color: #ffffff;\">Castellan&#8217;s room<\/span><\/h3>\n<p>[\/et_pb_text][\/et_pb_column][et_pb_column type=&#8221;1_4&#8243; _builder_version=&#8221;4.16&#8243; background_color=&#8221;#043a78&#8243; custom_padding=&#8221;|||&#8221; global_colors_info=&#8221;{}&#8221; custom_padding__hover=&#8221;|||&#8221;][et_pb_image src=&#8221;https:\/\/zamekczocha.com\/wp-content\/uploads\/chlopca-czarodzieja-scaled.jpg&#8221; show_in_lightbox=&#8221;on&#8221; align_tablet=&#8221;center&#8221; align_phone=&#8221;center&#8221; align_last_edited=&#8221;on|desktop&#8221; _builder_version=&#8221;4.27.4&#8243; hover_enabled=&#8221;0&#8243; global_colors_info=&#8221;{}&#8221; title_text=&#8221;ch\u0142opca czarodzieja&#8221; sticky_enabled=&#8221;0&#8243;][\/et_pb_image][et_pb_text admin_label=&#8221;Pok\u00f3j Bodo Ebhardta&#8221; _builder_version=&#8221;4.16&#8243; custom_padding=&#8221;|10px||10px&#8221; global_colors_info=&#8221;{}&#8221;]<\/p>\n<h3><span style=\"color: #ffffff;\">Bodo Edhardt\u2019s Room<\/span><\/h3>\n<p>[\/et_pb_text][\/et_pb_column][et_pb_column type=&#8221;1_4&#8243; _builder_version=&#8221;4.16&#8243; custom_padding=&#8221;|||&#8221; global_colors_info=&#8221;{}&#8221; custom_padding__hover=&#8221;|||&#8221;][et_pb_image src=&#8221;https:\/\/zamekczocha.com\/wp-content\/uploads\/filmowy-scaled.jpg&#8221; show_in_lightbox=&#8221;on&#8221; align_tablet=&#8221;center&#8221; align_phone=&#8221;center&#8221; align_last_edited=&#8221;on|desktop&#8221; _builder_version=&#8221;4.27.4&#8243; hover_enabled=&#8221;0&#8243; global_colors_info=&#8221;{}&#8221; title_text=&#8221;filmowy&#8221; sticky_enabled=&#8221;0&#8243;][\/et_pb_image][et_pb_text admin_label=&#8221;Pok\u00f3j Bodo Ebhardta&#8221; _builder_version=&#8221;4.16&#8243; text_font=&#8221;||||||||&#8221; custom_padding=&#8221;|10px||10px&#8221; global_colors_info=&#8221;{}&#8221;]<\/p>\n<h3><span style=\"color: #ffffff;\">Warlock&#8217;s Room<\/span><\/h3>\n<p>[\/et_pb_text][\/et_pb_column][\/et_pb_row][et_pb_row column_structure=&#8221;1_4,1_4,1_4,1_4&#8243; make_equal=&#8221;on&#8221; admin_label=&#8221;Wiersz&#8221; module_class=&#8221;box-z-podtytulem pokoje&#8221; _builder_version=&#8221;4.16&#8243; custom_padding=&#8221;32px|0px|32px|0px|true|false&#8221; global_colors_info=&#8221;{}&#8221;][et_pb_column type=&#8221;1_4&#8243; _builder_version=&#8221;4.16&#8243; background_color=&#8221;#043a78&#8243; custom_padding=&#8221;|||&#8221; global_colors_info=&#8221;{}&#8221; custom_padding__hover=&#8221;|||&#8221;][et_pb_image src=&#8221;https:\/\/zamekczocha.com\/wp-content\/uploads\/pok\u00f3j-Marlina.jpg&#8221; show_in_lightbox=&#8221;on&#8221; align_tablet=&#8221;center&#8221; align_phone=&#8221;center&#8221; align_last_edited=&#8221;on|desktop&#8221; _builder_version=&#8221;4.27.4&#8243; hover_enabled=&#8221;0&#8243; global_colors_info=&#8221;{}&#8221; title_text=&#8221;pok\u00f3j Marlina&#8221; sticky_enabled=&#8221;0&#8243;]<br \/>\n[\/et_pb_image][et_pb_text admin_label=&#8221;Pok\u00f3j Edgara von \u00dcchtritz&#8221; _builder_version=&#8221;4.16&#8243; custom_padding=&#8221;|5px||5px&#8221; global_colors_info=&#8221;{}&#8221;]<\/p>\n<h3><span style=\"color: #ffffff;\">Edgar von Uchtritz\u2019s Room<\/span><\/h3>\n<p>[\/et_pb_text][\/et_pb_column][et_pb_column type=&#8221;1_4&#8243; _builder_version=&#8221;4.16&#8243; background_color=&#8221;#043a78&#8243; custom_padding=&#8221;|||&#8221; global_colors_info=&#8221;{}&#8221; custom_padding__hover=&#8221;|||&#8221;][et_pb_image src=&#8221;https:\/\/zamekczocha.com\/wp-content\/uploads\/mysliwski-scaled.jpg&#8221; show_in_lightbox=&#8221;on&#8221; align_tablet=&#8221;center&#8221; align_phone=&#8221;center&#8221; align_last_edited=&#8221;on|desktop&#8221; _builder_version=&#8221;4.27.4&#8243; hover_enabled=&#8221;0&#8243; global_colors_info=&#8221;{}&#8221; title_text=&#8221;my\u015bliwski&#8221; sticky_enabled=&#8221;0&#8243;][\/et_pb_image][et_pb_text admin_label=&#8221;Pok\u00f3j My\u015bliwski&#8221; _builder_version=&#8221;4.16&#8243; custom_padding=&#8221;|5px||5px&#8221; global_colors_info=&#8221;{}&#8221;]<\/p>\n<h3><span style=\"color: #ffffff;\">Hunting Room<\/span><\/h3>\n<p>[\/et_pb_text][\/et_pb_column][et_pb_column type=&#8221;1_4&#8243; _builder_version=&#8221;4.16&#8243; background_color=&#8221;#043a78&#8243; custom_padding=&#8221;|||&#8221; global_colors_info=&#8221;{}&#8221; custom_padding__hover=&#8221;|||&#8221;][et_pb_image src=&#8221;https:\/\/zamekczocha.com\/wp-content\/uploads\/podroznika-scaled.jpg&#8221; show_in_lightbox=&#8221;on&#8221; align_tablet=&#8221;center&#8221; align_phone=&#8221;center&#8221; align_last_edited=&#8221;on|desktop&#8221; _builder_version=&#8221;4.27.4&#8243; hover_enabled=&#8221;0&#8243; global_colors_info=&#8221;{}&#8221; title_text=&#8221;podr\u00f3\u017cnika&#8221; sticky_enabled=&#8221;0&#8243;][\/et_pb_image][et_pb_text admin_label=&#8221;Pok\u00f3j Podr\u00f3\u017cnika&#8221; _builder_version=&#8221;4.16&#8243; custom_padding=&#8221;|5px||5px&#8221; global_colors_info=&#8221;{}&#8221;]<\/p>\n<h3><span style=\"color: #ffffff;\">Traveler&#8217;s Room<\/span><\/h3>\n<p>[\/et_pb_text][\/et_pb_column][et_pb_column type=&#8221;1_4&#8243; _builder_version=&#8221;4.16&#8243; background_color=&#8221;#043a78&#8243; custom_padding=&#8221;|||&#8221; global_colors_info=&#8221;{}&#8221; custom_padding__hover=&#8221;|||&#8221;][et_pb_image src=&#8221;https:\/\/zamekczocha.com\/wp-content\/uploads\/rycerski-scaled.jpg&#8221; show_in_lightbox=&#8221;on&#8221; align_tablet=&#8221;center&#8221; align_phone=&#8221;center&#8221; align_last_edited=&#8221;on|desktop&#8221; _builder_version=&#8221;4.27.4&#8243; hover_enabled=&#8221;0&#8243; global_colors_info=&#8221;{}&#8221; title_text=&#8221;rycerski&#8221; sticky_enabled=&#8221;0&#8243;][\/et_pb_image][et_pb_text admin_label=&#8221;Pok\u00f3j Rycerski&#8221; _builder_version=&#8221;4.16&#8243; custom_padding=&#8221;|5px||5px&#8221; global_colors_info=&#8221;{}&#8221;]<\/p>\n<h3><span style=\"color: #ffffff;\">The Knights Room<\/span><\/h3>\n<p>[\/et_pb_text][\/et_pb_column][\/et_pb_row][\/et_pb_section]<\/p>\n","protected":false},"excerpt":{"rendered":"<p>Czocha Castle offers three standards of rooms in which you can relax after an eventful day. Depending on your preferences, you can choose a standard, economy or superior class room. In addition to this, the Castle has 7 special rooms \u2013 themed rooms, which will delight even the most demanding of our guests. The castle [&hellip;]<\/p>\n","protected":false},"author":1,"featured_media":0,"parent":0,"menu_order":0,"comment_status":"closed","ping_status":"closed","template":"","meta":{"_acf_changed":false,"_et_pb_use_builder":"on","_et_pb_old_content":"","_et_gb_content_width":"","footnotes":""},"yst_prominent_words":[],"class_list":["post-2064","page","type-page","status-publish","hentry"],"acf":[],"_links":{"self":[{"href":"https:\/\/zamekczocha.com\/en\/wp-json\/wp\/v2\/pages\/2064","targetHints":{"allow":["GET"]}}],"collection":[{"href":"https:\/\/zamekczocha.com\/en\/wp-json\/wp\/v2\/pages"}],"about":[{"href":"https:\/\/zamekczocha.com\/en\/wp-json\/wp\/v2\/types\/page"}],"author":[{"embeddable":true,"href":"https:\/\/zamekczocha.com\/en\/wp-json\/wp\/v2\/users\/1"}],"replies":[{"embeddable":true,"href":"https:\/\/zamekczocha.com\/en\/wp-json\/wp\/v2\/comments?post=2064"}],"version-history":[{"count":4,"href":"https:\/\/zamekczocha.com\/en\/wp-json\/wp\/v2\/pages\/2064\/revisions"}],"predecessor-version":[{"id":4163,"href":"https:\/\/zamekczocha.com\/en\/wp-json\/wp\/v2\/pages\/2064\/revisions\/4163"}],"wp:attachment":[{"href":"https:\/\/zamekczocha.com\/en\/wp-json\/wp\/v2\/media?parent=2064"}],"wp:term":[{"taxonomy":"yst_prominent_words","embeddable":true,"href":"https:\/\/zamekczocha.com\/en\/wp-json\/wp\/v2\/yst_prominent_words?post=2064"}],"curies":[{"name":"wp","href":"https:\/\/api.w.org\/{rel}","templated":true}]}}